{"id":1101,"date":"2023-01-14T10:14:33","date_gmt":"2023-01-14T10:14:33","guid":{"rendered":"https:\/\/pactodeconvivencia.org\/?page_id=1101"},"modified":"2023-01-23T14:17:26","modified_gmt":"2023-01-23T14:17:26","slug":"reto-para-repensar-nuestra-vida-digital","status":"publish","type":"page","link":"https:\/\/pactodeconvivencia.org\/ca\/reto-para-repensar-nuestra-vida-digital\/","title":{"rendered":"Un reto: \u00bfTe atreves a repensar tu vida digital?"},"content":{"rendered":"<div class=\"wp-block-image\">\n<figure class=\"aligncenter size-large\"><a href=\"https:\/\/docs.google.com\/forms\/d\/e\/1FAIpQLSfIPuUXZVsmEMhCR7P95LTkCqUUrmEsKVRP_z4ef8gL8-FyaA\/viewform?usp=sf_link\"><img loading=\"lazy\" decoding=\"async\" width=\"1019\" height=\"1024\" src=\"https:\/\/pactodeconvivencia.org\/wp-content\/uploads\/2023\/01\/invitacionRepensarDigital-1-1019x1024.png\" alt=\"\" class=\"wp-image-1107\" srcset=\"https:\/\/pactodeconvivencia.org\/wp-content\/uploads\/2023\/01\/invitacionRepensarDigital-1-1019x1024.png 1019w, https:\/\/pactodeconvivencia.org\/wp-content\/uploads\/2023\/01\/invitacionRepensarDigital-1-300x300.png 300w, https:\/\/pactodeconvivencia.org\/wp-content\/uploads\/2023\/01\/invitacionRepensarDigital-1-150x150.png 150w, https:\/\/pactodeconvivencia.org\/wp-content\/uploads\/2023\/01\/invitacionRepensarDigital-1-768x772.png 768w, https:\/\/pactodeconvivencia.org\/wp-content\/uploads\/2023\/01\/invitacionRepensarDigital-1-1528x1536.png 1528w, https:\/\/pactodeconvivencia.org\/wp-content\/uploads\/2023\/01\/invitacionRepensarDigital-1-12x12.png 12w, https:\/\/pactodeconvivencia.org\/wp-content\/uploads\/2023\/01\/invitacionRepensarDigital-1.png 1596w\" sizes=\"auto, (max-width: 1019px) 100vw, 1019px\" \/><\/a><figcaption class=\"wp-element-caption\"><a href=\"https:\/\/docs.google.com\/forms\/d\/e\/1FAIpQLSfIPuUXZVsmEMhCR7P95LTkCqUUrmEsKVRP_z4ef8gL8-FyaA\/viewform\">P\u00e1gina para inscribirse gratuitamente en el reto<\/a><\/figcaption><\/figure>\n<\/div>\n\n\n<p>Desde Pacto de Convivencia lanzamos <strong>el reto colectivo de&nbsp;repensar el papel que tiene lo digital en nuestras vidas<\/strong>. Como individuos y sociedad, hemos acogido las tecnolog\u00edas digitales con gran entusiasmo hasta el punto de que est\u00e1n presentes en todos los \u00e1mbitos: nos acompa\u00f1an en nuestros trabajos, aficiones y relaciones con los dem\u00e1s. Nos ayudan en muchas tareas, pero tambi\u00e9n hemos descubierto que algunas de sus caracter\u00edsticas son perjudiciales: favorecen la polarizaci\u00f3n en los debates, la manipulaci\u00f3n de nuestro comportamiento (y compras) y el que tengamos relaciones m\u00e1s superficiales, por poner solo tres ejemplos conocidos. Tras el entusiasmo inicial, es hora de repensar nuestra vida digital para obtener lo mejor de estas herramientas sin sacrificar nuestras relaciones, privacidad y libertad.<\/p>\n\n\n\n<p>Presentaremos el reto el <strong>d\u00eda 24 de enero de 2023 a las 19h. <a href=\"https:\/\/www.circulobellasartes.com\/eventos\/presentacion-del-reto-repensar-nuestra-vida-digital\/\">en el C\u00edrculo de Bellas Artes de Madrid<\/a>. <\/strong>Puedes asistir o seguirlo online. La entrada es abierta y gratuita hasta completar aforo sin necesidad de registro.\u00a0<strong>Sin embargo, para sumarte al reto y recibir los correos es necesario rellenar\u00a0<\/strong><a href=\"https:\/\/docs.google.com\/forms\/d\/e\/1FAIpQLSfIPuUXZVsmEMhCR7P95LTkCqUUrmEsKVRP_z4ef8gL8-FyaA\/viewform?usp=sf_link\" target=\"_blank\" rel=\"noreferrer noopener\"><u><strong>este formulario<\/strong><\/u><\/a>.\u00a0<em>Tus datos se utilizar\u00e1n exclusivamente para hacerte llegar la informaci\u00f3n relacionada con el reto y ser\u00e1n borrados tras su finalizaci\u00f3n<\/em>.<\/p>\n\n\n\n<p><strong>Durante 5 semanas a partir de esta presentaci\u00f3n<\/strong>, trabajaremos sobre los temas tratados en&nbsp;<strong>el ensayo&nbsp;<\/strong><a href=\"https:\/\/inicios.es\/desconexion-el-gran-reemplazo-digital\/\" target=\"_blank\" rel=\"noreferrer noopener\"><u><strong>Desconexi\u00f3n<\/strong><\/u><\/a>, fuente de inspiraci\u00f3n de este reto. Pensado para facilitar la participaci\u00f3n de cualquiera, solo tendr\u00e1s que dedicarle unos minutos a la semana a leer, pensar y compartir ideas sobre el futuro inmediato digital que queremos. La participaci\u00f3n es gratuita y se puede realizar desde cualquier lugar del mundo. Cada semana recibir\u00e1s un correo electr\u00f3nico con informaci\u00f3n sobre un aspecto importante de la influencia de las aplicaciones digitales en nuestras vidas que servir\u00e1 como punto de partida para la reflexi\u00f3n y el debate, y&nbsp;<strong>habr\u00e1 un espacio online donde intercambiar opiniones y sugerencias<\/strong>&nbsp;para llegar a soluciones conjuntas. Los temas ser\u00e1n:<\/p>\n\n\n\n<ol class=\"wp-block-list\">\n<li><strong>Presentaci\u00f3n: <\/strong>El impacto social de las redes<\/li>\n\n\n\n<li><strong>La cotidianidad enredada<\/strong>: lo digital en nuestro d\u00eda a d\u00eda<\/li>\n\n\n\n<li><strong>Tengo redes, luego existo<\/strong>: lo digital en c\u00f3mo nos relacionamos ahora<\/li>\n\n\n\n<li><strong>Realidad filtrada<\/strong>: sesgos y algoritmos en redes.<\/li>\n\n\n\n<li><strong>Redes sociales y democracia<\/strong>: entre el debate y la polarizaci\u00f3n<\/li>\n<\/ol>\n\n\n\n<p>Y cerraremos con un \u00faltimo correo mirando al futuro con las conclusiones y las propuestas que hayan surgido.<\/p>\n\n\n\n<p><strong>Facilitador del reto:<\/strong> Manuel Alc\u00e1ntara Pl\u00e1, investigador de la UAM y autor del ensayo <em>Desconexi\u00f3n<\/em> (editorial Barlin).<\/p>\n\n\n\n<p><strong>Organizado por:<\/strong> Pacto de convivencia en colaboraci\u00f3n con el Foro I+D+C: Intervenci\u00f3n social desde las artes y las humanidades (CBA). Este reto forma parte de la agenda <a href=\"https:\/\/pactodeconvivencia.org\/ca\/el-arte-de-convivir-en-paz\/\">\u201cEl arte de convivir en paz\u201d<\/a> (<a href=\"https:\/\/pactodeconvivencia.org\/ca\/el-arte-de-convivir-en-paz\/\">enlace<\/a>).<\/p>\n\n\n\n<p><a href=\"https:\/\/inicios.es\/repensar-nuestra-vida-digital\/\" target=\"_blank\" rel=\"noreferrer noopener\"><u>Todos los recursos del reto<\/u><\/a> (pincha aqu\u00ed)<\/p>","protected":false},"excerpt":{"rendered":"<p>Desde Pacto de Convivencia lanzamos el reto colectivo de&nbsp;repensar el papel que tiene lo digital en nuestras vidas. Como individuos y sociedad, hemos acogido las tecnolog\u00edas digitales con gran entusiasmo hasta el punto de que est\u00e1n presentes en todos los \u00e1mbitos: nos acompa\u00f1an en nuestros trabajos, aficiones y relaciones con los dem\u00e1s. Nos ayudan en [&hellip;]<\/p>\n","protected":false},"author":1,"featured_media":1102,"parent":0,"menu_order":0,"comment_status":"closed","ping_status":"closed","template":"","meta":{"_acf_changed":false,"footnotes":""},"class_list":["post-1101","page","type-page","status-publish","has-post-thumbnail","hentry"],"acf":[],"yoast_head":"<!-- This site is optimized with the Yoast SEO plugin v27.3 - https:\/\/yoast.com\/product\/yoast-seo-wordpress\/ -->\n<title>Un reto: \u00bfTe atreves a repensar tu vida digital? - PACTO DE CONVIVENCIA<\/title>\n<meta name=\"description\" content=\"Pacto de convivencia invita a participar en un reto para repensar nuestra vida digital. A cargo de Manuel Alc\u00e1ntara Pl\u00e1.\" \/>\n<meta name=\"robots\" content=\"index, follow, max-snippet:-1, max-image-preview:large, max-video-preview:-1\" \/>\n<link rel=\"canonical\" href=\"https:\/\/pactodeconvivencia.org\/ca\/reto-para-repensar-nuestra-vida-digital\/\" \/>\n<meta property=\"og:locale\" content=\"ca_ES\" \/>\n<meta property=\"og:type\" content=\"article\" \/>\n<meta property=\"og:title\" content=\"Un reto: \u00bfTe atreves a repensar tu vida digital? - PACTO DE CONVIVENCIA\" \/>\n<meta property=\"og:description\" content=\"Pacto de convivencia invita a participar en un reto para repensar nuestra vida digital. A cargo de Manuel Alc\u00e1ntara Pl\u00e1.\" \/>\n<meta property=\"og:url\" content=\"https:\/\/pactodeconvivencia.org\/ca\/reto-para-repensar-nuestra-vida-digital\/\" \/>\n<meta property=\"og:site_name\" content=\"PACTO DE CONVIVENCIA\" \/>\n<meta property=\"article:modified_time\" content=\"2023-01-23T14:17:26+00:00\" \/>\n<meta property=\"og:image\" content=\"https:\/\/pactodeconvivencia.org\/wp-content\/uploads\/2023\/01\/invitacionRepensarDigital.jpg\" \/>\n\t<meta property=\"og:image:width\" content=\"1654\" \/>\n\t<meta property=\"og:image:height\" content=\"1654\" \/>\n\t<meta property=\"og:image:type\" content=\"image\/jpeg\" \/>\n<meta name=\"twitter:card\" content=\"summary_large_image\" \/>\n<meta name=\"twitter:label1\" content=\"Temps estimat de lectura\" \/>\n\t<meta name=\"twitter:data1\" content=\"3 minuts\" \/>\n<script type=\"application\/ld+json\" class=\"yoast-schema-graph\">{\"@context\":\"https:\\\/\\\/schema.org\",\"@graph\":[{\"@type\":\"WebPage\",\"@id\":\"https:\\\/\\\/pactodeconvivencia.org\\\/reto-para-repensar-nuestra-vida-digital\\\/\",\"url\":\"https:\\\/\\\/pactodeconvivencia.org\\\/reto-para-repensar-nuestra-vida-digital\\\/\",\"name\":\"Un reto: \u00bfTe atreves a repensar tu vida digital? - PACTO DE CONVIVENCIA\",\"isPartOf\":{\"@id\":\"https:\\\/\\\/pactodeconvivencia.org\\\/#website\"},\"primaryImageOfPage\":{\"@id\":\"https:\\\/\\\/pactodeconvivencia.org\\\/reto-para-repensar-nuestra-vida-digital\\\/#primaryimage\"},\"image\":{\"@id\":\"https:\\\/\\\/pactodeconvivencia.org\\\/reto-para-repensar-nuestra-vida-digital\\\/#primaryimage\"},\"thumbnailUrl\":\"https:\\\/\\\/pactodeconvivencia.org\\\/wp-content\\\/uploads\\\/2023\\\/01\\\/invitacionRepensarDigital.jpg\",\"datePublished\":\"2023-01-14T10:14:33+00:00\",\"dateModified\":\"2023-01-23T14:17:26+00:00\",\"description\":\"Pacto de convivencia invita a participar en un reto para repensar nuestra vida digital. A cargo de Manuel Alc\u00e1ntara Pl\u00e1.\",\"breadcrumb\":{\"@id\":\"https:\\\/\\\/pactodeconvivencia.org\\\/reto-para-repensar-nuestra-vida-digital\\\/#breadcrumb\"},\"inLanguage\":\"ca\",\"potentialAction\":[{\"@type\":\"ReadAction\",\"target\":[\"https:\\\/\\\/pactodeconvivencia.org\\\/reto-para-repensar-nuestra-vida-digital\\\/\"]}]},{\"@type\":\"ImageObject\",\"inLanguage\":\"ca\",\"@id\":\"https:\\\/\\\/pactodeconvivencia.org\\\/reto-para-repensar-nuestra-vida-digital\\\/#primaryimage\",\"url\":\"https:\\\/\\\/pactodeconvivencia.org\\\/wp-content\\\/uploads\\\/2023\\\/01\\\/invitacionRepensarDigital.jpg\",\"contentUrl\":\"https:\\\/\\\/pactodeconvivencia.org\\\/wp-content\\\/uploads\\\/2023\\\/01\\\/invitacionRepensarDigital.jpg\",\"width\":1654,\"height\":1654},{\"@type\":\"BreadcrumbList\",\"@id\":\"https:\\\/\\\/pactodeconvivencia.org\\\/reto-para-repensar-nuestra-vida-digital\\\/#breadcrumb\",\"itemListElement\":[{\"@type\":\"ListItem\",\"position\":1,\"name\":\"Portada\",\"item\":\"https:\\\/\\\/pactodeconvivencia.org\\\/\"},{\"@type\":\"ListItem\",\"position\":2,\"name\":\"Un reto: \u00bfTe atreves a repensar tu vida digital?\"}]},{\"@type\":\"WebSite\",\"@id\":\"https:\\\/\\\/pactodeconvivencia.org\\\/#website\",\"url\":\"https:\\\/\\\/pactodeconvivencia.org\\\/\",\"name\":\"PACTO DE CONVIVENCIA\",\"description\":\"Buscamos fortalecernos como sociedad civil en t\u00e9rminos de convivencia y cohesi\u00f3n social.\",\"potentialAction\":[{\"@type\":\"SearchAction\",\"target\":{\"@type\":\"EntryPoint\",\"urlTemplate\":\"https:\\\/\\\/pactodeconvivencia.org\\\/?s={search_term_string}\"},\"query-input\":{\"@type\":\"PropertyValueSpecification\",\"valueRequired\":true,\"valueName\":\"search_term_string\"}}],\"inLanguage\":\"ca\"}]}<\/script>\n<!-- \/ Yoast SEO plugin. -->","yoast_head_json":{"title":"Un reto: \u00bfTe atreves a repensar tu vida digital? - PACTO DE CONVIVENCIA","description":"Pacto de convivencia invita a participar en un reto para repensar nuestra vida digital. A cargo de Manuel Alc\u00e1ntara Pl\u00e1.","robots":{"index":"index","follow":"follow","max-snippet":"max-snippet:-1","max-image-preview":"max-image-preview:large","max-video-preview":"max-video-preview:-1"},"canonical":"https:\/\/pactodeconvivencia.org\/ca\/reto-para-repensar-nuestra-vida-digital\/","og_locale":"ca_ES","og_type":"article","og_title":"Un reto: \u00bfTe atreves a repensar tu vida digital? - PACTO DE CONVIVENCIA","og_description":"Pacto de convivencia invita a participar en un reto para repensar nuestra vida digital. A cargo de Manuel Alc\u00e1ntara Pl\u00e1.","og_url":"https:\/\/pactodeconvivencia.org\/ca\/reto-para-repensar-nuestra-vida-digital\/","og_site_name":"PACTO DE CONVIVENCIA","article_modified_time":"2023-01-23T14:17:26+00:00","og_image":[{"width":1654,"height":1654,"url":"https:\/\/pactodeconvivencia.org\/wp-content\/uploads\/2023\/01\/invitacionRepensarDigital.jpg","type":"image\/jpeg"}],"twitter_card":"summary_large_image","twitter_misc":{"Temps estimat de lectura":"3 minuts"},"schema":{"@context":"https:\/\/schema.org","@graph":[{"@type":"WebPage","@id":"https:\/\/pactodeconvivencia.org\/reto-para-repensar-nuestra-vida-digital\/","url":"https:\/\/pactodeconvivencia.org\/reto-para-repensar-nuestra-vida-digital\/","name":"Un reto: \u00bfTe atreves a repensar tu vida digital? - PACTO DE CONVIVENCIA","isPartOf":{"@id":"https:\/\/pactodeconvivencia.org\/#website"},"primaryImageOfPage":{"@id":"https:\/\/pactodeconvivencia.org\/reto-para-repensar-nuestra-vida-digital\/#primaryimage"},"image":{"@id":"https:\/\/pactodeconvivencia.org\/reto-para-repensar-nuestra-vida-digital\/#primaryimage"},"thumbnailUrl":"https:\/\/pactodeconvivencia.org\/wp-content\/uploads\/2023\/01\/invitacionRepensarDigital.jpg","datePublished":"2023-01-14T10:14:33+00:00","dateModified":"2023-01-23T14:17:26+00:00","description":"Pacto de convivencia invita a participar en un reto para repensar nuestra vida digital. A cargo de Manuel Alc\u00e1ntara Pl\u00e1.","breadcrumb":{"@id":"https:\/\/pactodeconvivencia.org\/reto-para-repensar-nuestra-vida-digital\/#breadcrumb"},"inLanguage":"ca","potentialAction":[{"@type":"ReadAction","target":["https:\/\/pactodeconvivencia.org\/reto-para-repensar-nuestra-vida-digital\/"]}]},{"@type":"ImageObject","inLanguage":"ca","@id":"https:\/\/pactodeconvivencia.org\/reto-para-repensar-nuestra-vida-digital\/#primaryimage","url":"https:\/\/pactodeconvivencia.org\/wp-content\/uploads\/2023\/01\/invitacionRepensarDigital.jpg","contentUrl":"https:\/\/pactodeconvivencia.org\/wp-content\/uploads\/2023\/01\/invitacionRepensarDigital.jpg","width":1654,"height":1654},{"@type":"BreadcrumbList","@id":"https:\/\/pactodeconvivencia.org\/reto-para-repensar-nuestra-vida-digital\/#breadcrumb","itemListElement":[{"@type":"ListItem","position":1,"name":"Portada","item":"https:\/\/pactodeconvivencia.org\/"},{"@type":"ListItem","position":2,"name":"Un reto: \u00bfTe atreves a repensar tu vida digital?"}]},{"@type":"WebSite","@id":"https:\/\/pactodeconvivencia.org\/#website","url":"https:\/\/pactodeconvivencia.org\/","name":"PACTO DE CONVIVENCIA","description":"Buscamos fortalecernos como sociedad civil en t\u00e9rminos de convivencia y cohesi\u00f3n social.","potentialAction":[{"@type":"SearchAction","target":{"@type":"EntryPoint","urlTemplate":"https:\/\/pactodeconvivencia.org\/?s={search_term_string}"},"query-input":{"@type":"PropertyValueSpecification","valueRequired":true,"valueName":"search_term_string"}}],"inLanguage":"ca"}]}},"_links":{"self":[{"href":"https:\/\/pactodeconvivencia.org\/ca\/wp-json\/wp\/v2\/pages\/1101","targetHints":{"allow":["GET"]}}],"collection":[{"href":"https:\/\/pactodeconvivencia.org\/ca\/wp-json\/wp\/v2\/pages"}],"about":[{"href":"https:\/\/pactodeconvivencia.org\/ca\/wp-json\/wp\/v2\/types\/page"}],"author":[{"embeddable":true,"href":"https:\/\/pactodeconvivencia.org\/ca\/wp-json\/wp\/v2\/users\/1"}],"replies":[{"embeddable":true,"href":"https:\/\/pactodeconvivencia.org\/ca\/wp-json\/wp\/v2\/comments?post=1101"}],"version-history":[{"count":10,"href":"https:\/\/pactodeconvivencia.org\/ca\/wp-json\/wp\/v2\/pages\/1101\/revisions"}],"predecessor-version":[{"id":1123,"href":"https:\/\/pactodeconvivencia.org\/ca\/wp-json\/wp\/v2\/pages\/1101\/revisions\/1123"}],"wp:featuredmedia":[{"embeddable":true,"href":"https:\/\/pactodeconvivencia.org\/ca\/wp-json\/wp\/v2\/media\/1102"}],"wp:attachment":[{"href":"https:\/\/pactodeconvivencia.org\/ca\/wp-json\/wp\/v2\/media?parent=1101"}],"curies":[{"name":"wp","href":"https:\/\/api.w.org\/{rel}","templated":true}]}}