{"id":546,"date":"2018-11-05T10:32:08","date_gmt":"2018-11-05T10:32:08","guid":{"rendered":"https:\/\/pactodeconvivencia.org\/?page_id=546"},"modified":"2023-01-27T17:29:18","modified_gmt":"2023-01-27T17:29:18","slug":"red","status":"publish","type":"page","link":"https:\/\/pactodeconvivencia.org\/en\/red\/","title":{"rendered":"The Network"},"content":{"rendered":"<p><strong>Pact of coexistence<\/strong> is currently made up of the following groups and institutions:<\/p>\n<ul>\n<li><span style=\"color: #000000;\"><a style=\"color: #000000;\" href=\"https:\/\/www.archimadrid.org\/\"><span style=\"color: #0000ff;\">Archbishopric of Madrid<\/span><\/a><\/span><\/li>\n<li><span style=\"color: #0000ff;\"><a style=\"color: #0000ff;\" href=\"https:\/\/www.copmadrid.org\/web\/\">Official College of Psychology of Madrid<\/a><\/span><\/li>\n<li><span style=\"color: #0000ff;\"><a style=\"color: #0000ff;\" href=\"http:\/\/comisionislamicadeespana.org\/\">Islamic Commission of Spain<\/a><\/span><\/li>\n<li><span style=\"color: #0000ff;\"><a style=\"color: #0000ff;\" href=\"https:\/\/coordinadoraongd.org\/\">Coordinating Committee of Development Cooperation Organisations (Coordinadora de Organizaciones de Cooperaci\u00f3n para el Desarrollo)<\/a><\/span><\/li>\n<li><span style=\"color: #0000ff;\">Council for Victims of Hate Crimes and Discrimination<\/span><\/li>\n<li><span style=\"color: #0000ff;\"><a style=\"color: #0000ff;\" href=\"http:\/\/www.crue.org\">Crue Spanish Universities<\/a><\/span><\/li>\n<li><span style=\"color: #0000ff;\"><a style=\"color: #0000ff;\" href=\"http:\/\/diaconia.es\/\">Diakonia Spain<\/a><\/span><\/li>\n<li><span style=\"color: #0000ff;\"><a style=\"color: #0000ff;\" href=\"http:\/\/web.icam.es\/\">Madrid Bar Association<\/a><\/span><\/li>\n<li><span style=\"color: #0000ff;\"><a style=\"color: #0000ff;\" href=\"http:\/\/www.movimientocontralaintolerancia.com\/\">Movement Against Intolerance<\/a><\/span><\/li>\n<li><span style=\"color: #0000ff;\"><a style=\"color: #0000ff;\" href=\"http:\/\/www.plataformatercersector.es\/\">Third Sector Platform<\/a><\/span><\/li>\n<li><span style=\"color: #0000ff;\"><a style=\"color: #0000ff;\" href=\"https:\/\/www.ferede.es\/\">Federation of Evangelical Religious Entities of Spain (Federaci\u00f3n de Entidades Religiosas Evang\u00e9licas de Espa\u00f1a)<\/a><\/span><\/li>\n<\/ul>\n<p>It works in close cooperation with the research group <span style=\"color: #000000;\"><a style=\"color: #000000;\" href=\"http:\/\/worldslab.eu\/\"><span style=\"color: #0000ff;\">Wor(l)ds Lab<\/span><\/a> <\/span>y con el grupo de artivismo Efecto L\u00e1zaro, adem\u00e1s de con otros expertos de diferentes universidades. \u200b<\/p>\n<p>The platform has an inclusive will and is constituted with the aim of reaching a consensus and implementing proposals aimed at strengthening us as a society in the face of the growing radicalisation process. It is open to the incorporation of more entities.<\/p>","protected":false},"excerpt":{"rendered":"<p>Pacto de convivencia est\u00e1 integrado actualmente por los siguientes colectivos e instituciones: Arzobispado de Madrid Colegio Oficial de la Psicolog\u00eda de Madrid Comisi\u00f3n Isl\u00e1mica de Espa\u00f1a Coordinadora de Organizaciones de Cooperaci\u00f3n para el Desarrollo Consejo de V\u00edctimas de Delitos de Odio y Discriminaci\u00f3n Crue Universidades Espa\u00f1olas Diacon\u00eda Espa\u00f1a Ilustre Colegio de Abogados de Madrid Movimiento [&hellip;]<\/p>\n","protected":false},"author":1,"featured_media":0,"parent":0,"menu_order":0,"comment_status":"closed","ping_status":"closed","template":"","meta":{"_acf_changed":false,"footnotes":""},"class_list":["post-546","page","type-page","status-publish","hentry"],"acf":[],"yoast_head":"<!-- This site is optimized with the Yoast SEO plugin v27.3 - https:\/\/yoast.com\/product\/yoast-seo-wordpress\/ -->\n<title>La Red - PACTO DE CONVIVENCIA<\/title>\n<meta name=\"robots\" content=\"index, follow, max-snippet:-1, max-image-preview:large, max-video-preview:-1\" \/>\n<link rel=\"canonical\" href=\"https:\/\/pactodeconvivencia.org\/en\/red\/\" \/>\n<meta property=\"og:locale\" content=\"en_GB\" \/>\n<meta property=\"og:type\" content=\"article\" \/>\n<meta property=\"og:title\" content=\"La Red - PACTO DE CONVIVENCIA\" \/>\n<meta property=\"og:description\" content=\"Pacto de convivencia est\u00e1 integrado actualmente por los siguientes colectivos e instituciones: Arzobispado de Madrid Colegio Oficial de la Psicolog\u00eda de Madrid Comisi\u00f3n Isl\u00e1mica de Espa\u00f1a Coordinadora de Organizaciones de Cooperaci\u00f3n para el Desarrollo Consejo de V\u00edctimas de Delitos de Odio y Discriminaci\u00f3n Crue Universidades Espa\u00f1olas Diacon\u00eda Espa\u00f1a Ilustre Colegio de Abogados de Madrid Movimiento [&hellip;]\" \/>\n<meta property=\"og:url\" content=\"https:\/\/pactodeconvivencia.org\/en\/red\/\" \/>\n<meta property=\"og:site_name\" content=\"PACTO DE CONVIVENCIA\" \/>\n<meta property=\"article:modified_time\" content=\"2023-01-27T17:29:18+00:00\" \/>\n<meta name=\"twitter:card\" content=\"summary_large_image\" \/>\n<meta name=\"twitter:label1\" content=\"Estimated reading time\" \/>\n\t<meta name=\"twitter:data1\" content=\"1 minute\" \/>\n<script type=\"application\/ld+json\" class=\"yoast-schema-graph\">{\"@context\":\"https:\\\/\\\/schema.org\",\"@graph\":[{\"@type\":\"WebPage\",\"@id\":\"https:\\\/\\\/pactodeconvivencia.org\\\/red\\\/\",\"url\":\"https:\\\/\\\/pactodeconvivencia.org\\\/red\\\/\",\"name\":\"La Red - PACTO DE CONVIVENCIA\",\"isPartOf\":{\"@id\":\"https:\\\/\\\/pactodeconvivencia.org\\\/#website\"},\"datePublished\":\"2018-11-05T10:32:08+00:00\",\"dateModified\":\"2023-01-27T17:29:18+00:00\",\"breadcrumb\":{\"@id\":\"https:\\\/\\\/pactodeconvivencia.org\\\/red\\\/#breadcrumb\"},\"inLanguage\":\"en-GB\",\"potentialAction\":[{\"@type\":\"ReadAction\",\"target\":[\"https:\\\/\\\/pactodeconvivencia.org\\\/red\\\/\"]}]},{\"@type\":\"BreadcrumbList\",\"@id\":\"https:\\\/\\\/pactodeconvivencia.org\\\/red\\\/#breadcrumb\",\"itemListElement\":[{\"@type\":\"ListItem\",\"position\":1,\"name\":\"Portada\",\"item\":\"https:\\\/\\\/pactodeconvivencia.org\\\/\"},{\"@type\":\"ListItem\",\"position\":2,\"name\":\"La Red\"}]},{\"@type\":\"WebSite\",\"@id\":\"https:\\\/\\\/pactodeconvivencia.org\\\/#website\",\"url\":\"https:\\\/\\\/pactodeconvivencia.org\\\/\",\"name\":\"PACTO DE CONVIVENCIA\",\"description\":\"Buscamos fortalecernos como sociedad civil en t\u00e9rminos de convivencia y cohesi\u00f3n social.\",\"potentialAction\":[{\"@type\":\"SearchAction\",\"target\":{\"@type\":\"EntryPoint\",\"urlTemplate\":\"https:\\\/\\\/pactodeconvivencia.org\\\/?s={search_term_string}\"},\"query-input\":{\"@type\":\"PropertyValueSpecification\",\"valueRequired\":true,\"valueName\":\"search_term_string\"}}],\"inLanguage\":\"en-GB\"}]}<\/script>\n<!-- \/ Yoast SEO plugin. -->","yoast_head_json":{"title":"La Red - PACTO DE CONVIVENCIA","robots":{"index":"index","follow":"follow","max-snippet":"max-snippet:-1","max-image-preview":"max-image-preview:large","max-video-preview":"max-video-preview:-1"},"canonical":"https:\/\/pactodeconvivencia.org\/en\/red\/","og_locale":"en_GB","og_type":"article","og_title":"La Red - PACTO DE CONVIVENCIA","og_description":"Pacto de convivencia est\u00e1 integrado actualmente por los siguientes colectivos e instituciones: Arzobispado de Madrid Colegio Oficial de la Psicolog\u00eda de Madrid Comisi\u00f3n Isl\u00e1mica de Espa\u00f1a Coordinadora de Organizaciones de Cooperaci\u00f3n para el Desarrollo Consejo de V\u00edctimas de Delitos de Odio y Discriminaci\u00f3n Crue Universidades Espa\u00f1olas Diacon\u00eda Espa\u00f1a Ilustre Colegio de Abogados de Madrid Movimiento [&hellip;]","og_url":"https:\/\/pactodeconvivencia.org\/en\/red\/","og_site_name":"PACTO DE CONVIVENCIA","article_modified_time":"2023-01-27T17:29:18+00:00","twitter_card":"summary_large_image","twitter_misc":{"Estimated reading time":"1 minute"},"schema":{"@context":"https:\/\/schema.org","@graph":[{"@type":"WebPage","@id":"https:\/\/pactodeconvivencia.org\/red\/","url":"https:\/\/pactodeconvivencia.org\/red\/","name":"La Red - PACTO DE CONVIVENCIA","isPartOf":{"@id":"https:\/\/pactodeconvivencia.org\/#website"},"datePublished":"2018-11-05T10:32:08+00:00","dateModified":"2023-01-27T17:29:18+00:00","breadcrumb":{"@id":"https:\/\/pactodeconvivencia.org\/red\/#breadcrumb"},"inLanguage":"en-GB","potentialAction":[{"@type":"ReadAction","target":["https:\/\/pactodeconvivencia.org\/red\/"]}]},{"@type":"BreadcrumbList","@id":"https:\/\/pactodeconvivencia.org\/red\/#breadcrumb","itemListElement":[{"@type":"ListItem","position":1,"name":"Portada","item":"https:\/\/pactodeconvivencia.org\/"},{"@type":"ListItem","position":2,"name":"La Red"}]},{"@type":"WebSite","@id":"https:\/\/pactodeconvivencia.org\/#website","url":"https:\/\/pactodeconvivencia.org\/","name":"COEXISTENCE PACT","description":"We seek to strengthen ourselves as a civil society in terms of coexistence and social cohesion.","potentialAction":[{"@type":"SearchAction","target":{"@type":"EntryPoint","urlTemplate":"https:\/\/pactodeconvivencia.org\/?s={search_term_string}"},"query-input":{"@type":"PropertyValueSpecification","valueRequired":true,"valueName":"search_term_string"}}],"inLanguage":"en-GB"}]}},"_links":{"self":[{"href":"https:\/\/pactodeconvivencia.org\/en\/wp-json\/wp\/v2\/pages\/546","targetHints":{"allow":["GET"]}}],"collection":[{"href":"https:\/\/pactodeconvivencia.org\/en\/wp-json\/wp\/v2\/pages"}],"about":[{"href":"https:\/\/pactodeconvivencia.org\/en\/wp-json\/wp\/v2\/types\/page"}],"author":[{"embeddable":true,"href":"https:\/\/pactodeconvivencia.org\/en\/wp-json\/wp\/v2\/users\/1"}],"replies":[{"embeddable":true,"href":"https:\/\/pactodeconvivencia.org\/en\/wp-json\/wp\/v2\/comments?post=546"}],"version-history":[{"count":8,"href":"https:\/\/pactodeconvivencia.org\/en\/wp-json\/wp\/v2\/pages\/546\/revisions"}],"predecessor-version":[{"id":1151,"href":"https:\/\/pactodeconvivencia.org\/en\/wp-json\/wp\/v2\/pages\/546\/revisions\/1151"}],"wp:attachment":[{"href":"https:\/\/pactodeconvivencia.org\/en\/wp-json\/wp\/v2\/media?parent=546"}],"curies":[{"name":"wp","href":"https:\/\/api.w.org\/{rel}","templated":true}]}}