{"id":761,"date":"2020-12-22T15:01:39","date_gmt":"2020-12-22T15:01:39","guid":{"rendered":"https:\/\/pactodeconvivencia.org\/?page_id=761"},"modified":"2021-10-18T08:32:55","modified_gmt":"2021-10-18T08:32:55","slug":"politica-de-privacidad","status":"publish","type":"page","link":"https:\/\/pactodeconvivencia.org\/en\/politica-de-privacidad\/","title":{"rendered":"Privacy policy"},"content":{"rendered":"<h2 class=\"wp-block-heading\">Who we are<\/h2>\n\n\n\n<p>Our website address is: https:\/\/pactodeconvivencia.org.<\/p>\n\n\n\n<p><strong>PRIVACY POLICY<\/strong> <\/p>\n\n\n\n<p>INFORMATION TO THE USEREFECTO LAZARO hereinafter RESPONSIBLE, is the party responsible for the processing of the User's personal data and informs you that this data will be processed in accordance with the provisions of Regulation (EU) 2016\/679 of 27 April (GDPR) and Organic Law 3\/2018 of 5 December (LOPDGDD), for which you are provided with the following processing information:<\/p>\n\n\n\n<p> PURPOSES OF PROCESSING: Activities inherent to the development of the activity carried out by EFECTO LAZARO. In the event that the Controller plans different further processing, it shall provide the data subject, prior to such further processing, with information about that other purpose and any additional information. The data shall not be processed in a way incompatible with those purposes; further processing of personal data for archiving purposes in the public interest, scientific and historical research purposes or statistical purposes shall not be considered incompatible with the initial purposes. Personal data shall not be used for automated processing for profiling purposes or used for the purpose of taking any decision based solely on automated processing, including profiling. <\/p>\n\n\n\n<p>PERIOD OF STORAGE: The data will be kept for as long as is necessary for the authorised purposes of processing.<\/p>\n\n\n\n<p> LEGITIMACY: Consent of the data subject and processing necessary for the performance of the tasks entrusted. Legal basis for processing: Art.6.1 a and b <\/p>\n\n\n\n<p>Data subjects' data will only be transferred if required by law or for reasons related to the service offered by EFECTO LAZARO by means of a service contract with the data processor. Transfer to third countries: There are no plans to transfer personal data to third countries or international organisations. In the event that the Data Controller envisages the transfer of personal data to third countries, the data subject must be informed in advance. <\/p>\n\n\n\n<p>RIGHTS: Right to withdraw consent and rights of access, rectification, erasure, restriction, objection and portability of data. <\/p>\n\n\n\n<p>HOW TO EXERCISE YOUR RIGHTS: You may exercise your rights of access, rectification, deletion, limitation, opposition and portability of your data by contacting the data controller at Barrio Caviedes, 135A, Valdaliga, 39593, Cantabria, info@pactodeconvivencia.org<\/p>\n\n\n\n<p>RIGHT TO WITHDRAW CONSENT: Withdrawal of consent will not affect the lawfulness of the processing based on consent prior to its withdrawal. <\/p>\n\n\n\n<p>RIGHT TO COMPLAIN TO THE RELEVANT SUPERVISORY AUTHORITY (AEPD) DPO CONTACT DATA: AVDA BRASIL 17, 28020 MADRID - dpd@sonorsolucionesnormativas.es<\/p>\n\n\n\n<p>2. OBLIGATORY OR OBLIGATORY CHARACTER OF THE INFORMATION PROVIDED BY THE USERUsers, by ticking the corresponding boxes and entering data in the fields marked with an asterisk (*) in the contact form or presented in download forms, expressly and freely and unequivocally accept that their data are necessary to meet their request, by the provider, being voluntary the inclusion of data in the remaining fields. The User guarantees that the personal data provided to the RESPONSIBLE are truthful and is responsible for communicating any changes to them. The RESPONSIBLE expressly informs and guarantees users that their personal data will not be transferred under any circumstances to third parties, and that whenever any type of transfer of personal data is carried out, the express, informed and unequivocal consent of the Users will be requested beforehand. All data requested through the website are obligatory, as they are necessary for the provision of an optimum service to the User. In the event that all the data is not provided, there is no guarantee that the information and services provided will be completely tailored to your needs. <\/p>\n\n\n\n<p>SECURITY MEASURES That in accordance with the provisions of the regulations in force on personal data protection, the RESPONSIBLE is complying with all the provisions of the GDPR regulations for the processing of personal data under its responsibility, and manifestly with the principles described in Article 5 of the GDPR, whereby they are processed lawfully, fairly and transparently in relation to the data subject and in a manner that is adequate, relevant and limited to what is necessary in relation to the purposes for which they are processed. The CONTROLLER guarantees that it has implemented appropriate technical and organisational policies to apply the security measures set out in the GDPR in order to protect the rights and freedoms of Users and has communicated appropriate information to them so that they can exercise them.<\/p>","protected":false},"excerpt":{"rendered":"<p>Qui\u00e9nes somos La direcci\u00f3n de nuestra web es: https:\/\/pactodeconvivencia.org. POL\u00cdTICA DE PRIVACIDAD 1. INFORMACI\u00d3N AL USUARIOEFECTO LAZARO en adelante RESPONSABLE, es el Responsable del tratamiento de los datos personales del Usuario y le informa que estos datos ser\u00e1n tratados de conformidad con lo dispuesto en el Reglamento (UE) 2016\/679 de 27 de abril (GDPR) y [&hellip;]<\/p>\n","protected":false},"author":1,"featured_media":0,"parent":0,"menu_order":0,"comment_status":"closed","ping_status":"closed","template":"","meta":{"_acf_changed":false,"footnotes":""},"class_list":["post-761","page","type-page","status-publish","hentry"],"acf":[],"yoast_head":"<!-- This site is optimized with the Yoast SEO plugin v27.3 - https:\/\/yoast.com\/product\/yoast-seo-wordpress\/ -->\n<title>Pol\u00edtica de privacidad - PACTO DE CONVIVENCIA<\/title>\n<meta name=\"robots\" content=\"index, follow, max-snippet:-1, max-image-preview:large, max-video-preview:-1\" \/>\n<link rel=\"canonical\" href=\"https:\/\/pactodeconvivencia.org\/en\/politica-de-privacidad\/\" \/>\n<meta property=\"og:locale\" content=\"en_GB\" \/>\n<meta property=\"og:type\" content=\"article\" \/>\n<meta property=\"og:title\" content=\"Pol\u00edtica de privacidad - PACTO DE CONVIVENCIA\" \/>\n<meta property=\"og:description\" content=\"Qui\u00e9nes somos La direcci\u00f3n de nuestra web es: https:\/\/pactodeconvivencia.org. POL\u00cdTICA DE PRIVACIDAD 1. INFORMACI\u00d3N AL USUARIOEFECTO LAZARO en adelante RESPONSABLE, es el Responsable del tratamiento de los datos personales del Usuario y le informa que estos datos ser\u00e1n tratados de conformidad con lo dispuesto en el Reglamento (UE) 2016\/679 de 27 de abril (GDPR) y [&hellip;]\" \/>\n<meta property=\"og:url\" content=\"https:\/\/pactodeconvivencia.org\/en\/politica-de-privacidad\/\" \/>\n<meta property=\"og:site_name\" content=\"PACTO DE CONVIVENCIA\" \/>\n<meta property=\"article:modified_time\" content=\"2021-10-18T08:32:55+00:00\" \/>\n<meta name=\"twitter:card\" content=\"summary_large_image\" \/>\n<meta name=\"twitter:label1\" content=\"Estimated reading time\" \/>\n\t<meta name=\"twitter:data1\" content=\"4 minutes\" \/>\n<script type=\"application\/ld+json\" class=\"yoast-schema-graph\">{\"@context\":\"https:\\\/\\\/schema.org\",\"@graph\":[{\"@type\":\"WebPage\",\"@id\":\"https:\\\/\\\/pactodeconvivencia.org\\\/politica-de-privacidad\\\/\",\"url\":\"https:\\\/\\\/pactodeconvivencia.org\\\/politica-de-privacidad\\\/\",\"name\":\"Pol\u00edtica de privacidad - PACTO DE CONVIVENCIA\",\"isPartOf\":{\"@id\":\"https:\\\/\\\/pactodeconvivencia.org\\\/#website\"},\"datePublished\":\"2020-12-22T15:01:39+00:00\",\"dateModified\":\"2021-10-18T08:32:55+00:00\",\"breadcrumb\":{\"@id\":\"https:\\\/\\\/pactodeconvivencia.org\\\/politica-de-privacidad\\\/#breadcrumb\"},\"inLanguage\":\"en-GB\",\"potentialAction\":[{\"@type\":\"ReadAction\",\"target\":[\"https:\\\/\\\/pactodeconvivencia.org\\\/politica-de-privacidad\\\/\"]}]},{\"@type\":\"BreadcrumbList\",\"@id\":\"https:\\\/\\\/pactodeconvivencia.org\\\/politica-de-privacidad\\\/#breadcrumb\",\"itemListElement\":[{\"@type\":\"ListItem\",\"position\":1,\"name\":\"Portada\",\"item\":\"https:\\\/\\\/pactodeconvivencia.org\\\/\"},{\"@type\":\"ListItem\",\"position\":2,\"name\":\"Pol\u00edtica de privacidad\"}]},{\"@type\":\"WebSite\",\"@id\":\"https:\\\/\\\/pactodeconvivencia.org\\\/#website\",\"url\":\"https:\\\/\\\/pactodeconvivencia.org\\\/\",\"name\":\"PACTO DE CONVIVENCIA\",\"description\":\"Buscamos fortalecernos como sociedad civil en t\u00e9rminos de convivencia y cohesi\u00f3n social.\",\"potentialAction\":[{\"@type\":\"SearchAction\",\"target\":{\"@type\":\"EntryPoint\",\"urlTemplate\":\"https:\\\/\\\/pactodeconvivencia.org\\\/?s={search_term_string}\"},\"query-input\":{\"@type\":\"PropertyValueSpecification\",\"valueRequired\":true,\"valueName\":\"search_term_string\"}}],\"inLanguage\":\"en-GB\"}]}<\/script>\n<!-- \/ Yoast SEO plugin. -->","yoast_head_json":{"title":"Pol\u00edtica de privacidad - PACTO DE CONVIVENCIA","robots":{"index":"index","follow":"follow","max-snippet":"max-snippet:-1","max-image-preview":"max-image-preview:large","max-video-preview":"max-video-preview:-1"},"canonical":"https:\/\/pactodeconvivencia.org\/en\/politica-de-privacidad\/","og_locale":"en_GB","og_type":"article","og_title":"Pol\u00edtica de privacidad - PACTO DE CONVIVENCIA","og_description":"Qui\u00e9nes somos La direcci\u00f3n de nuestra web es: https:\/\/pactodeconvivencia.org. POL\u00cdTICA DE PRIVACIDAD 1. INFORMACI\u00d3N AL USUARIOEFECTO LAZARO en adelante RESPONSABLE, es el Responsable del tratamiento de los datos personales del Usuario y le informa que estos datos ser\u00e1n tratados de conformidad con lo dispuesto en el Reglamento (UE) 2016\/679 de 27 de abril (GDPR) y [&hellip;]","og_url":"https:\/\/pactodeconvivencia.org\/en\/politica-de-privacidad\/","og_site_name":"PACTO DE CONVIVENCIA","article_modified_time":"2021-10-18T08:32:55+00:00","twitter_card":"summary_large_image","twitter_misc":{"Estimated reading time":"4 minutes"},"schema":{"@context":"https:\/\/schema.org","@graph":[{"@type":"WebPage","@id":"https:\/\/pactodeconvivencia.org\/politica-de-privacidad\/","url":"https:\/\/pactodeconvivencia.org\/politica-de-privacidad\/","name":"Pol\u00edtica de privacidad - PACTO DE CONVIVENCIA","isPartOf":{"@id":"https:\/\/pactodeconvivencia.org\/#website"},"datePublished":"2020-12-22T15:01:39+00:00","dateModified":"2021-10-18T08:32:55+00:00","breadcrumb":{"@id":"https:\/\/pactodeconvivencia.org\/politica-de-privacidad\/#breadcrumb"},"inLanguage":"en-GB","potentialAction":[{"@type":"ReadAction","target":["https:\/\/pactodeconvivencia.org\/politica-de-privacidad\/"]}]},{"@type":"BreadcrumbList","@id":"https:\/\/pactodeconvivencia.org\/politica-de-privacidad\/#breadcrumb","itemListElement":[{"@type":"ListItem","position":1,"name":"Portada","item":"https:\/\/pactodeconvivencia.org\/"},{"@type":"ListItem","position":2,"name":"Pol\u00edtica de privacidad"}]},{"@type":"WebSite","@id":"https:\/\/pactodeconvivencia.org\/#website","url":"https:\/\/pactodeconvivencia.org\/","name":"COEXISTENCE PACT","description":"We seek to strengthen ourselves as a civil society in terms of coexistence and social cohesion.","potentialAction":[{"@type":"SearchAction","target":{"@type":"EntryPoint","urlTemplate":"https:\/\/pactodeconvivencia.org\/?s={search_term_string}"},"query-input":{"@type":"PropertyValueSpecification","valueRequired":true,"valueName":"search_term_string"}}],"inLanguage":"en-GB"}]}},"_links":{"self":[{"href":"https:\/\/pactodeconvivencia.org\/en\/wp-json\/wp\/v2\/pages\/761","targetHints":{"allow":["GET"]}}],"collection":[{"href":"https:\/\/pactodeconvivencia.org\/en\/wp-json\/wp\/v2\/pages"}],"about":[{"href":"https:\/\/pactodeconvivencia.org\/en\/wp-json\/wp\/v2\/types\/page"}],"author":[{"embeddable":true,"href":"https:\/\/pactodeconvivencia.org\/en\/wp-json\/wp\/v2\/users\/1"}],"replies":[{"embeddable":true,"href":"https:\/\/pactodeconvivencia.org\/en\/wp-json\/wp\/v2\/comments?post=761"}],"version-history":[{"count":6,"href":"https:\/\/pactodeconvivencia.org\/en\/wp-json\/wp\/v2\/pages\/761\/revisions"}],"predecessor-version":[{"id":845,"href":"https:\/\/pactodeconvivencia.org\/en\/wp-json\/wp\/v2\/pages\/761\/revisions\/845"}],"wp:attachment":[{"href":"https:\/\/pactodeconvivencia.org\/en\/wp-json\/wp\/v2\/media?parent=761"}],"curies":[{"name":"wp","href":"https:\/\/api.w.org\/{rel}","templated":true}]}}