{"id":546,"date":"2018-11-05T10:32:08","date_gmt":"2018-11-05T10:32:08","guid":{"rendered":"https:\/\/pactodeconvivencia.org\/?page_id=546"},"modified":"2023-01-27T17:29:18","modified_gmt":"2023-01-27T17:29:18","slug":"red","status":"publish","type":"page","link":"https:\/\/pactodeconvivencia.org\/eu\/red\/","title":{"rendered":"La Red"},"content":{"rendered":"<p><strong>Pacto de convivencia<\/strong> est\u00e1 integrado actualmente por los siguientes colectivos e instituciones:<\/p>\n<ul>\n<li><span style=\"color: #000000;\"><a style=\"color: #000000;\" href=\"https:\/\/www.archimadrid.org\/\"><span style=\"color: #0000ff;\">Arzobispado de Madrid<\/span><\/a><\/span><\/li>\n<li><span style=\"color: #0000ff;\"><a style=\"color: #0000ff;\" href=\"https:\/\/www.copmadrid.org\/web\/\">Colegio Oficial de la Psicolog\u00eda de Madrid<\/a><\/span><\/li>\n<li><span style=\"color: #0000ff;\"><a style=\"color: #0000ff;\" href=\"http:\/\/comisionislamicadeespana.org\/\">Comisi\u00f3n Isl\u00e1mica de Espa\u00f1a<\/a><\/span><\/li>\n<li><span style=\"color: #0000ff;\"><a style=\"color: #0000ff;\" href=\"https:\/\/coordinadoraongd.org\/\">Coordinadora de Organizaciones de Cooperaci\u00f3n para el Desarrollo<\/a><\/span><\/li>\n<li><span style=\"color: #0000ff;\">Consejo de V\u00edctimas de Delitos de Odio y Discriminaci\u00f3n<\/span><\/li>\n<li><span style=\"color: #0000ff;\"><a style=\"color: #0000ff;\" href=\"http:\/\/www.crue.org\">Crue Universidades Espa\u00f1olas<\/a><\/span><\/li>\n<li><span style=\"color: #0000ff;\"><a style=\"color: #0000ff;\" href=\"http:\/\/diaconia.es\/\">Diacon\u00eda Espa\u00f1a<\/a><\/span><\/li>\n<li><span style=\"color: #0000ff;\"><a style=\"color: #0000ff;\" href=\"http:\/\/web.icam.es\/\">Ilustre Colegio de Abogados de Madrid<\/a><\/span><\/li>\n<li><span style=\"color: #0000ff;\"><a style=\"color: #0000ff;\" href=\"http:\/\/www.movimientocontralaintolerancia.com\/\">Movimiento contra la Intolerancia<\/a><\/span><\/li>\n<li><span style=\"color: #0000ff;\"><a style=\"color: #0000ff;\" href=\"http:\/\/www.plataformatercersector.es\/\">Plataforma del Tercer Sector<\/a><\/span><\/li>\n<li><span style=\"color: #0000ff;\"><a style=\"color: #0000ff;\" href=\"https:\/\/www.ferede.es\/\">Federaci\u00f3n de Entidades Religiosas Evang\u00e9licas de Espa\u00f1a<\/a><\/span><\/li>\n<\/ul>\n<p>Trabaja en estrecha colaboraci\u00f3n con el grupo de investigaci\u00f3n <span style=\"color: #000000;\"><a style=\"color: #000000;\" href=\"http:\/\/worldslab.eu\/\"><span style=\"color: #0000ff;\">Wor(l)ds Lab<\/span><\/a> <\/span>y con el grupo de artivismo Efecto L\u00e1zaro, adem\u00e1s de con otros expertos de diferentes universidades. \u200b<\/p>\n<p>La plataforma tiene voluntad incluyente y est\u00e1 constituida con el fin de consensuar e implementar propuestas encaminadas a fortalecernos como sociedad frente al proceso de radicalizaci\u00f3n creciente. Est\u00e1 abierta a la incorporaci\u00f3n de m\u00e1s entidades.<\/p>","protected":false},"excerpt":{"rendered":"<p>Pacto de convivencia est\u00e1 integrado actualmente por los siguientes colectivos e instituciones: Arzobispado de Madrid Colegio Oficial de la Psicolog\u00eda de Madrid Comisi\u00f3n Isl\u00e1mica de Espa\u00f1a Coordinadora de Organizaciones de Cooperaci\u00f3n para el Desarrollo Consejo de V\u00edctimas de Delitos de Odio y Discriminaci\u00f3n Crue Universidades Espa\u00f1olas Diacon\u00eda Espa\u00f1a Ilustre Colegio de Abogados de Madrid Movimiento [&hellip;]<\/p>\n","protected":false},"author":1,"featured_media":0,"parent":0,"menu_order":0,"comment_status":"closed","ping_status":"closed","template":"","meta":{"_acf_changed":false,"footnotes":""},"class_list":["post-546","page","type-page","status-publish","hentry"],"acf":[],"yoast_head":"<!-- This site is optimized with the Yoast SEO plugin v27.3 - https:\/\/yoast.com\/product\/yoast-seo-wordpress\/ -->\n<title>La Red - PACTO DE CONVIVENCIA<\/title>\n<meta name=\"robots\" content=\"index, follow, max-snippet:-1, max-image-preview:large, max-video-preview:-1\" \/>\n<link rel=\"canonical\" href=\"https:\/\/pactodeconvivencia.org\/eu\/red\/\" \/>\n<meta property=\"og:locale\" content=\"en_US\" \/>\n<meta property=\"og:type\" content=\"article\" \/>\n<meta property=\"og:title\" content=\"La Red - PACTO DE CONVIVENCIA\" \/>\n<meta property=\"og:description\" content=\"Pacto de convivencia est\u00e1 integrado actualmente por los siguientes colectivos e instituciones: Arzobispado de Madrid Colegio Oficial de la Psicolog\u00eda de Madrid Comisi\u00f3n Isl\u00e1mica de Espa\u00f1a Coordinadora de Organizaciones de Cooperaci\u00f3n para el Desarrollo Consejo de V\u00edctimas de Delitos de Odio y Discriminaci\u00f3n Crue Universidades Espa\u00f1olas Diacon\u00eda Espa\u00f1a Ilustre Colegio de Abogados de Madrid Movimiento [&hellip;]\" \/>\n<meta property=\"og:url\" content=\"https:\/\/pactodeconvivencia.org\/eu\/red\/\" \/>\n<meta property=\"og:site_name\" content=\"PACTO DE CONVIVENCIA\" \/>\n<meta property=\"article:modified_time\" content=\"2023-01-27T17:29:18+00:00\" \/>\n<meta name=\"twitter:card\" content=\"summary_large_image\" \/>\n<meta name=\"twitter:label1\" content=\"Est. reading time\" \/>\n\t<meta name=\"twitter:data1\" content=\"1 minutua\" \/>\n<script type=\"application\/ld+json\" class=\"yoast-schema-graph\">{\"@context\":\"https:\\\/\\\/schema.org\",\"@graph\":[{\"@type\":\"WebPage\",\"@id\":\"https:\\\/\\\/pactodeconvivencia.org\\\/red\\\/\",\"url\":\"https:\\\/\\\/pactodeconvivencia.org\\\/red\\\/\",\"name\":\"La Red - PACTO DE CONVIVENCIA\",\"isPartOf\":{\"@id\":\"https:\\\/\\\/pactodeconvivencia.org\\\/#website\"},\"datePublished\":\"2018-11-05T10:32:08+00:00\",\"dateModified\":\"2023-01-27T17:29:18+00:00\",\"breadcrumb\":{\"@id\":\"https:\\\/\\\/pactodeconvivencia.org\\\/red\\\/#breadcrumb\"},\"inLanguage\":\"eu\",\"potentialAction\":[{\"@type\":\"ReadAction\",\"target\":[\"https:\\\/\\\/pactodeconvivencia.org\\\/red\\\/\"]}]},{\"@type\":\"BreadcrumbList\",\"@id\":\"https:\\\/\\\/pactodeconvivencia.org\\\/red\\\/#breadcrumb\",\"itemListElement\":[{\"@type\":\"ListItem\",\"position\":1,\"name\":\"Portada\",\"item\":\"https:\\\/\\\/pactodeconvivencia.org\\\/\"},{\"@type\":\"ListItem\",\"position\":2,\"name\":\"La Red\"}]},{\"@type\":\"WebSite\",\"@id\":\"https:\\\/\\\/pactodeconvivencia.org\\\/#website\",\"url\":\"https:\\\/\\\/pactodeconvivencia.org\\\/\",\"name\":\"PACTO DE CONVIVENCIA\",\"description\":\"Buscamos fortalecernos como sociedad civil en t\u00e9rminos de convivencia y cohesi\u00f3n social.\",\"potentialAction\":[{\"@type\":\"SearchAction\",\"target\":{\"@type\":\"EntryPoint\",\"urlTemplate\":\"https:\\\/\\\/pactodeconvivencia.org\\\/?s={search_term_string}\"},\"query-input\":{\"@type\":\"PropertyValueSpecification\",\"valueRequired\":true,\"valueName\":\"search_term_string\"}}],\"inLanguage\":\"eu\"}]}<\/script>\n<!-- \/ Yoast SEO plugin. -->","yoast_head_json":{"title":"La Red - PACTO DE CONVIVENCIA","robots":{"index":"index","follow":"follow","max-snippet":"max-snippet:-1","max-image-preview":"max-image-preview:large","max-video-preview":"max-video-preview:-1"},"canonical":"https:\/\/pactodeconvivencia.org\/eu\/red\/","og_locale":"en_US","og_type":"article","og_title":"La Red - PACTO DE CONVIVENCIA","og_description":"Pacto de convivencia est\u00e1 integrado actualmente por los siguientes colectivos e instituciones: Arzobispado de Madrid Colegio Oficial de la Psicolog\u00eda de Madrid Comisi\u00f3n Isl\u00e1mica de Espa\u00f1a Coordinadora de Organizaciones de Cooperaci\u00f3n para el Desarrollo Consejo de V\u00edctimas de Delitos de Odio y Discriminaci\u00f3n Crue Universidades Espa\u00f1olas Diacon\u00eda Espa\u00f1a Ilustre Colegio de Abogados de Madrid Movimiento [&hellip;]","og_url":"https:\/\/pactodeconvivencia.org\/eu\/red\/","og_site_name":"PACTO DE CONVIVENCIA","article_modified_time":"2023-01-27T17:29:18+00:00","twitter_card":"summary_large_image","twitter_misc":{"Est. reading time":"1 minutua"},"schema":{"@context":"https:\/\/schema.org","@graph":[{"@type":"WebPage","@id":"https:\/\/pactodeconvivencia.org\/red\/","url":"https:\/\/pactodeconvivencia.org\/red\/","name":"La Red - PACTO DE CONVIVENCIA","isPartOf":{"@id":"https:\/\/pactodeconvivencia.org\/#website"},"datePublished":"2018-11-05T10:32:08+00:00","dateModified":"2023-01-27T17:29:18+00:00","breadcrumb":{"@id":"https:\/\/pactodeconvivencia.org\/red\/#breadcrumb"},"inLanguage":"eu","potentialAction":[{"@type":"ReadAction","target":["https:\/\/pactodeconvivencia.org\/red\/"]}]},{"@type":"BreadcrumbList","@id":"https:\/\/pactodeconvivencia.org\/red\/#breadcrumb","itemListElement":[{"@type":"ListItem","position":1,"name":"Portada","item":"https:\/\/pactodeconvivencia.org\/"},{"@type":"ListItem","position":2,"name":"La Red"}]},{"@type":"WebSite","@id":"https:\/\/pactodeconvivencia.org\/#website","url":"https:\/\/pactodeconvivencia.org\/","name":"PACTO DE CONVIVENCIA","description":"Buscamos fortalecernos como sociedad civil en t\u00e9rminos de convivencia y cohesi\u00f3n social.","potentialAction":[{"@type":"SearchAction","target":{"@type":"EntryPoint","urlTemplate":"https:\/\/pactodeconvivencia.org\/?s={search_term_string}"},"query-input":{"@type":"PropertyValueSpecification","valueRequired":true,"valueName":"search_term_string"}}],"inLanguage":"eu"}]}},"_links":{"self":[{"href":"https:\/\/pactodeconvivencia.org\/eu\/wp-json\/wp\/v2\/pages\/546","targetHints":{"allow":["GET"]}}],"collection":[{"href":"https:\/\/pactodeconvivencia.org\/eu\/wp-json\/wp\/v2\/pages"}],"about":[{"href":"https:\/\/pactodeconvivencia.org\/eu\/wp-json\/wp\/v2\/types\/page"}],"author":[{"embeddable":true,"href":"https:\/\/pactodeconvivencia.org\/eu\/wp-json\/wp\/v2\/users\/1"}],"replies":[{"embeddable":true,"href":"https:\/\/pactodeconvivencia.org\/eu\/wp-json\/wp\/v2\/comments?post=546"}],"version-history":[{"count":8,"href":"https:\/\/pactodeconvivencia.org\/eu\/wp-json\/wp\/v2\/pages\/546\/revisions"}],"predecessor-version":[{"id":1151,"href":"https:\/\/pactodeconvivencia.org\/eu\/wp-json\/wp\/v2\/pages\/546\/revisions\/1151"}],"wp:attachment":[{"href":"https:\/\/pactodeconvivencia.org\/eu\/wp-json\/wp\/v2\/media?parent=546"}],"curies":[{"name":"wp","href":"https:\/\/api.w.org\/{rel}","templated":true}]}}