{"id":761,"date":"2020-12-22T15:01:39","date_gmt":"2020-12-22T15:01:39","guid":{"rendered":"https:\/\/pactodeconvivencia.org\/?page_id=761"},"modified":"2021-10-18T08:32:55","modified_gmt":"2021-10-18T08:32:55","slug":"politica-de-privacidad","status":"publish","type":"page","link":"https:\/\/pactodeconvivencia.org\/eu\/politica-de-privacidad\/","title":{"rendered":"Pol\u00edtica de privacidad"},"content":{"rendered":"<h2 class=\"wp-block-heading\">Qui\u00e9nes somos<\/h2>\n\n\n\n<p>La direcci\u00f3n de nuestra web es: https:\/\/pactodeconvivencia.org.<\/p>\n\n\n\n<p><strong>POL\u00cdTICA DE PRIVACIDAD<\/strong> <\/p>\n\n\n\n<p>1. INFORMACI\u00d3N AL USUARIOEFECTO LAZARO en adelante RESPONSABLE, es el Responsable del tratamiento de los datos personales del Usuario y le informa que estos datos ser\u00e1n tratados de conformidad con lo dispuesto en el Reglamento (UE) 2016\/679 de 27 de abril (GDPR) y la Ley Org\u00e1nica 3\/2018 de 5 de diciembre (LOPDGDD), por lo que se le facilita la siguiente informaci\u00f3n del tratamiento:<\/p>\n\n\n\n<p> FINES DEL TRATAMIENTO: Actividades inherentes al desarrollo de la actividad realizada por EFECTO LAZARO. En el caso de que el Responsable del Tratamiento proyecte el tratamiento ulterior distinto, proporcionar\u00e1 al interesado, con anterioridad a dicho tratamiento ulterior, informaci\u00f3n sobre ese otro fin y cualquier informaci\u00f3n adicional. Los datos no ser\u00e1n tratados de manera incompatible con dichos fines; el tratamiento ulterior de los datos personales con fines de archivo en inter\u00e9s p\u00fablico, fines de investigaci\u00f3n cient\u00edfica e hist\u00f3rica o fines estad\u00edsticos no se considerar\u00e1 incompatible con los fines iniciales. Los datos personales no ser\u00e1n utilizados para tratamientos automatizados para elaboraci\u00f3n de perfiles ni se utilizar\u00e1n para tomar ninguna decisi\u00f3n basada \u00fanicamente en el tratamiento automatizado, incluida la elaboraci\u00f3n de perfiles. <\/p>\n\n\n\n<p>PLAZO DE CONSERVACI\u00d3N: Los datos ser\u00e1n mantenidos durante el tiempo que sea necesario para los fines del tratamiento autorizados.<\/p>\n\n\n\n<p> LEGITIMACI\u00d3N: Consentimiento interesado y tratamiento necesario para llevar a cabo la gesti\u00f3n encomendada. Base jur\u00eddica del tratamiento: Art.6.1 a y b <\/p>\n\n\n\n<p>RGPD DESTINATARIOS: Cesi\u00f3n de datos previstas: Solo se ceder\u00e1n los datos del interesado por obligaci\u00f3n legal o por motivos relacionados con el servicio ofrecido por EFECTO LAZARO mediante un contrato de Prestaci\u00f3n de Servicios con el Encargado del Tratamiento. Trasferencia a terceros pa\u00edses: No se prev\u00e9 transferir datos personales a terceros pa\u00edses ni a organizaciones internacionales. En el caso de que el Responsable del Tratamiento prevea la transmisi\u00f3n de sus datos personales a terceros pa\u00edses deber\u00e1 comunicarlo al interesado con anterioridad. <\/p>\n\n\n\n<p>DERECHOS: Derecho a retirar el consentimiento y derechos de acceso, rectificaci\u00f3n, supresi\u00f3n, limitaci\u00f3n, oposici\u00f3n y portabilidad de los datos. <\/p>\n\n\n\n<p>C\u00d3MO EJERCER SUS DERECHOS: Puede ejercer los derechos de acceso, rectificaci\u00f3n, supresi\u00f3n, limitaci\u00f3n, oposici\u00f3n y portabilidad de los datos, dirigi\u00e9ndose al responsable del tratamiento en Barrio Caviedes, 135A, Valdaliga, 39593, Cantabria, info@pactodeconvivencia.org<\/p>\n\n\n\n<p>DERECHO A RETIRAR EL CONSENTIMIENTO PRESTADO: La retirada del consentimiento no afectar\u00e1 a la licitud del tratamiento basada en el consentimiento previo a su retirada. <\/p>\n\n\n\n<p>DERECHO A RECLAMAR ANTE LA AUTORIDAD DE CONTROL correspondiente (AEPD) DATOS DE CONTACTO DEL DPO: AVDA BRASIL 17, 28020 MADRID - dpd@sonorsolucionesnormativas.es<\/p>\n\n\n\n<p>2. CAR\u00c1CTER OBLIGATORIO O FACULTATIVO DE LA INFORMACI\u00d3N FACILITADA POR EL USUARIOLos Usuarios, mediante la marcaci\u00f3n de las casillas correspondientes y entrada de datos en los campos, marcados con un asterisco (*) en el formulario de contacto o presentados en formularios de descarga, aceptan expresamente y de forma libre e inequ\u00edvoca, que sus datos son necesarios para atender su petici\u00f3n, por parte del prestador, siendo voluntaria la inclusi\u00f3n de datos en los campos restantes. El Usuario garantiza que los datos personales facilitados al RESPONSABLE son veraces y se hace responsable de comunicar cualquier modificaci\u00f3n de los mismos. El RESPONSABLE informa y garantiza expresamente a los usuarios que sus datos personales no ser\u00e1n cedidos en ning\u00fan caso a terceros, y que siempre que realizara alg\u00fan tipo de cesi\u00f3n de datos personales, se pedir\u00e1 previamente el consentimiento expreso, informado e inequ\u00edvoco por parte los Usuarios. Todos los datos solicitados a trav\u00e9s del sitio web son obligatorios, ya que son necesarios para la prestaci\u00f3n de un servicio \u00f3ptimo al Usuario. En caso de que no sean facilitados todos los datos, no se garantiza que la informaci\u00f3n y servicios facilitados sean completamente ajustados a sus necesidades. <\/p>\n\n\n\n<p>3. MEDIDAS DE SEGURIDAD Que de conformidad con lo dispuesto en las normativas vigentes en protecci\u00f3n de datos personales, el RESPONSABLE est\u00e1 cumpliendo con todas las disposiciones de las normativas GDPR para el tratamiento de los datos personales de su responsabilidad, y manifiestamente con los principios descritos en el art\u00edculo 5 del GDPR, por los cuales son tratados de manera l\u00edcita, leal y transparente en relaci\u00f3n con el interesado y adecuados, pertinentes y limitados a lo necesario en relaci\u00f3n con los fines para los que son tratados. El RESPONSABLE garantiza que ha implementado pol\u00edticas t\u00e9cnicas y organizativas apropiadas para aplicar las medidas de seguridad que establecen el GDPR con el fin de proteger los derechos y libertades de los Usuarios y les ha comunicado la informaci\u00f3n adecuada para que puedan ejercerlos.<\/p>","protected":false},"excerpt":{"rendered":"<p>Qui\u00e9nes somos La direcci\u00f3n de nuestra web es: https:\/\/pactodeconvivencia.org. POL\u00cdTICA DE PRIVACIDAD 1. INFORMACI\u00d3N AL USUARIOEFECTO LAZARO en adelante RESPONSABLE, es el Responsable del tratamiento de los datos personales del Usuario y le informa que estos datos ser\u00e1n tratados de conformidad con lo dispuesto en el Reglamento (UE) 2016\/679 de 27 de abril (GDPR) y [&hellip;]<\/p>\n","protected":false},"author":1,"featured_media":0,"parent":0,"menu_order":0,"comment_status":"closed","ping_status":"closed","template":"","meta":{"_acf_changed":false,"footnotes":""},"class_list":["post-761","page","type-page","status-publish","hentry"],"acf":[],"yoast_head":"<!-- This site is optimized with the Yoast SEO plugin v27.3 - https:\/\/yoast.com\/product\/yoast-seo-wordpress\/ -->\n<title>Pol\u00edtica de privacidad - PACTO DE CONVIVENCIA<\/title>\n<meta name=\"robots\" content=\"index, follow, max-snippet:-1, max-image-preview:large, max-video-preview:-1\" \/>\n<link rel=\"canonical\" href=\"https:\/\/pactodeconvivencia.org\/eu\/politica-de-privacidad\/\" \/>\n<meta property=\"og:locale\" content=\"en_US\" \/>\n<meta property=\"og:type\" content=\"article\" \/>\n<meta property=\"og:title\" content=\"Pol\u00edtica de privacidad - PACTO DE CONVIVENCIA\" \/>\n<meta property=\"og:description\" content=\"Qui\u00e9nes somos La direcci\u00f3n de nuestra web es: https:\/\/pactodeconvivencia.org. POL\u00cdTICA DE PRIVACIDAD 1. INFORMACI\u00d3N AL USUARIOEFECTO LAZARO en adelante RESPONSABLE, es el Responsable del tratamiento de los datos personales del Usuario y le informa que estos datos ser\u00e1n tratados de conformidad con lo dispuesto en el Reglamento (UE) 2016\/679 de 27 de abril (GDPR) y [&hellip;]\" \/>\n<meta property=\"og:url\" content=\"https:\/\/pactodeconvivencia.org\/eu\/politica-de-privacidad\/\" \/>\n<meta property=\"og:site_name\" content=\"PACTO DE CONVIVENCIA\" \/>\n<meta property=\"article:modified_time\" content=\"2021-10-18T08:32:55+00:00\" \/>\n<meta name=\"twitter:card\" content=\"summary_large_image\" \/>\n<meta name=\"twitter:label1\" content=\"Est. reading time\" \/>\n\t<meta name=\"twitter:data1\" content=\"4 minutua\" \/>\n<script type=\"application\/ld+json\" class=\"yoast-schema-graph\">{\"@context\":\"https:\\\/\\\/schema.org\",\"@graph\":[{\"@type\":\"WebPage\",\"@id\":\"https:\\\/\\\/pactodeconvivencia.org\\\/politica-de-privacidad\\\/\",\"url\":\"https:\\\/\\\/pactodeconvivencia.org\\\/politica-de-privacidad\\\/\",\"name\":\"Pol\u00edtica de privacidad - PACTO DE CONVIVENCIA\",\"isPartOf\":{\"@id\":\"https:\\\/\\\/pactodeconvivencia.org\\\/#website\"},\"datePublished\":\"2020-12-22T15:01:39+00:00\",\"dateModified\":\"2021-10-18T08:32:55+00:00\",\"breadcrumb\":{\"@id\":\"https:\\\/\\\/pactodeconvivencia.org\\\/politica-de-privacidad\\\/#breadcrumb\"},\"inLanguage\":\"eu\",\"potentialAction\":[{\"@type\":\"ReadAction\",\"target\":[\"https:\\\/\\\/pactodeconvivencia.org\\\/politica-de-privacidad\\\/\"]}]},{\"@type\":\"BreadcrumbList\",\"@id\":\"https:\\\/\\\/pactodeconvivencia.org\\\/politica-de-privacidad\\\/#breadcrumb\",\"itemListElement\":[{\"@type\":\"ListItem\",\"position\":1,\"name\":\"Portada\",\"item\":\"https:\\\/\\\/pactodeconvivencia.org\\\/\"},{\"@type\":\"ListItem\",\"position\":2,\"name\":\"Pol\u00edtica de privacidad\"}]},{\"@type\":\"WebSite\",\"@id\":\"https:\\\/\\\/pactodeconvivencia.org\\\/#website\",\"url\":\"https:\\\/\\\/pactodeconvivencia.org\\\/\",\"name\":\"PACTO DE CONVIVENCIA\",\"description\":\"Buscamos fortalecernos como sociedad civil en t\u00e9rminos de convivencia y cohesi\u00f3n social.\",\"potentialAction\":[{\"@type\":\"SearchAction\",\"target\":{\"@type\":\"EntryPoint\",\"urlTemplate\":\"https:\\\/\\\/pactodeconvivencia.org\\\/?s={search_term_string}\"},\"query-input\":{\"@type\":\"PropertyValueSpecification\",\"valueRequired\":true,\"valueName\":\"search_term_string\"}}],\"inLanguage\":\"eu\"}]}<\/script>\n<!-- \/ Yoast SEO plugin. -->","yoast_head_json":{"title":"Pol\u00edtica de privacidad - PACTO DE CONVIVENCIA","robots":{"index":"index","follow":"follow","max-snippet":"max-snippet:-1","max-image-preview":"max-image-preview:large","max-video-preview":"max-video-preview:-1"},"canonical":"https:\/\/pactodeconvivencia.org\/eu\/politica-de-privacidad\/","og_locale":"en_US","og_type":"article","og_title":"Pol\u00edtica de privacidad - PACTO DE CONVIVENCIA","og_description":"Qui\u00e9nes somos La direcci\u00f3n de nuestra web es: https:\/\/pactodeconvivencia.org. POL\u00cdTICA DE PRIVACIDAD 1. INFORMACI\u00d3N AL USUARIOEFECTO LAZARO en adelante RESPONSABLE, es el Responsable del tratamiento de los datos personales del Usuario y le informa que estos datos ser\u00e1n tratados de conformidad con lo dispuesto en el Reglamento (UE) 2016\/679 de 27 de abril (GDPR) y [&hellip;]","og_url":"https:\/\/pactodeconvivencia.org\/eu\/politica-de-privacidad\/","og_site_name":"PACTO DE CONVIVENCIA","article_modified_time":"2021-10-18T08:32:55+00:00","twitter_card":"summary_large_image","twitter_misc":{"Est. reading time":"4 minutua"},"schema":{"@context":"https:\/\/schema.org","@graph":[{"@type":"WebPage","@id":"https:\/\/pactodeconvivencia.org\/politica-de-privacidad\/","url":"https:\/\/pactodeconvivencia.org\/politica-de-privacidad\/","name":"Pol\u00edtica de privacidad - PACTO DE CONVIVENCIA","isPartOf":{"@id":"https:\/\/pactodeconvivencia.org\/#website"},"datePublished":"2020-12-22T15:01:39+00:00","dateModified":"2021-10-18T08:32:55+00:00","breadcrumb":{"@id":"https:\/\/pactodeconvivencia.org\/politica-de-privacidad\/#breadcrumb"},"inLanguage":"eu","potentialAction":[{"@type":"ReadAction","target":["https:\/\/pactodeconvivencia.org\/politica-de-privacidad\/"]}]},{"@type":"BreadcrumbList","@id":"https:\/\/pactodeconvivencia.org\/politica-de-privacidad\/#breadcrumb","itemListElement":[{"@type":"ListItem","position":1,"name":"Portada","item":"https:\/\/pactodeconvivencia.org\/"},{"@type":"ListItem","position":2,"name":"Pol\u00edtica de privacidad"}]},{"@type":"WebSite","@id":"https:\/\/pactodeconvivencia.org\/#website","url":"https:\/\/pactodeconvivencia.org\/","name":"PACTO DE CONVIVENCIA","description":"Buscamos fortalecernos como sociedad civil en t\u00e9rminos de convivencia y cohesi\u00f3n social.","potentialAction":[{"@type":"SearchAction","target":{"@type":"EntryPoint","urlTemplate":"https:\/\/pactodeconvivencia.org\/?s={search_term_string}"},"query-input":{"@type":"PropertyValueSpecification","valueRequired":true,"valueName":"search_term_string"}}],"inLanguage":"eu"}]}},"_links":{"self":[{"href":"https:\/\/pactodeconvivencia.org\/eu\/wp-json\/wp\/v2\/pages\/761","targetHints":{"allow":["GET"]}}],"collection":[{"href":"https:\/\/pactodeconvivencia.org\/eu\/wp-json\/wp\/v2\/pages"}],"about":[{"href":"https:\/\/pactodeconvivencia.org\/eu\/wp-json\/wp\/v2\/types\/page"}],"author":[{"embeddable":true,"href":"https:\/\/pactodeconvivencia.org\/eu\/wp-json\/wp\/v2\/users\/1"}],"replies":[{"embeddable":true,"href":"https:\/\/pactodeconvivencia.org\/eu\/wp-json\/wp\/v2\/comments?post=761"}],"version-history":[{"count":6,"href":"https:\/\/pactodeconvivencia.org\/eu\/wp-json\/wp\/v2\/pages\/761\/revisions"}],"predecessor-version":[{"id":845,"href":"https:\/\/pactodeconvivencia.org\/eu\/wp-json\/wp\/v2\/pages\/761\/revisions\/845"}],"wp:attachment":[{"href":"https:\/\/pactodeconvivencia.org\/eu\/wp-json\/wp\/v2\/media?parent=761"}],"curies":[{"name":"wp","href":"https:\/\/api.w.org\/{rel}","templated":true}]}}