{"id":435,"date":"2017-08-24T10:06:38","date_gmt":"2017-08-24T10:06:38","guid":{"rendered":"https:\/\/pactodeconvivencia.org\/?page_id=435"},"modified":"2023-01-13T10:42:20","modified_gmt":"2023-01-13T10:42:20","slug":"noticias","status":"publish","type":"page","link":"https:\/\/pactodeconvivencia.org\/fr\/noticias\/","title":{"rendered":"Nouvelles"},"content":{"rendered":"","protected":false},"excerpt":{"rendered":"","protected":false},"author":1,"featured_media":0,"parent":0,"menu_order":0,"comment_status":"closed","ping_status":"closed","template":"","meta":{"_acf_changed":false,"footnotes":""},"class_list":["post-435","page","type-page","status-publish","hentry"],"acf":[],"yoast_head":"<!-- This site is optimized with the Yoast SEO plugin v27.3 - https:\/\/yoast.com\/product\/yoast-seo-wordpress\/ -->\n<title>Noticias - PACTO DE CONVIVENCIA<\/title>\n<meta name=\"robots\" content=\"index, follow, max-snippet:-1, max-image-preview:large, max-video-preview:-1\" \/>\n<link rel=\"canonical\" href=\"https:\/\/pactodeconvivencia.org\/fr\/noticias\/\" \/>\n<meta property=\"og:locale\" content=\"fr_FR\" \/>\n<meta property=\"og:type\" content=\"article\" \/>\n<meta property=\"og:title\" content=\"Noticias - PACTO DE CONVIVENCIA\" \/>\n<meta property=\"og:url\" content=\"https:\/\/pactodeconvivencia.org\/fr\/noticias\/\" \/>\n<meta property=\"og:site_name\" content=\"PACTO DE CONVIVENCIA\" \/>\n<meta property=\"article:modified_time\" content=\"2023-01-13T10:42:20+00:00\" \/>\n<meta name=\"twitter:card\" content=\"summary_large_image\" \/>\n<script type=\"application\/ld+json\" class=\"yoast-schema-graph\">{\"@context\":\"https:\\\/\\\/schema.org\",\"@graph\":[{\"@type\":\"WebPage\",\"@id\":\"https:\\\/\\\/pactodeconvivencia.org\\\/noticias\\\/\",\"url\":\"https:\\\/\\\/pactodeconvivencia.org\\\/noticias\\\/\",\"name\":\"Noticias - PACTO DE CONVIVENCIA\",\"isPartOf\":{\"@id\":\"https:\\\/\\\/pactodeconvivencia.org\\\/#website\"},\"datePublished\":\"2017-08-24T10:06:38+00:00\",\"dateModified\":\"2023-01-13T10:42:20+00:00\",\"breadcrumb\":{\"@id\":\"https:\\\/\\\/pactodeconvivencia.org\\\/noticias\\\/#breadcrumb\"},\"inLanguage\":\"fr-FR\",\"potentialAction\":[{\"@type\":\"ReadAction\",\"target\":[\"https:\\\/\\\/pactodeconvivencia.org\\\/noticias\\\/\"]}]},{\"@type\":\"BreadcrumbList\",\"@id\":\"https:\\\/\\\/pactodeconvivencia.org\\\/noticias\\\/#breadcrumb\",\"itemListElement\":[{\"@type\":\"ListItem\",\"position\":1,\"name\":\"Portada\",\"item\":\"https:\\\/\\\/pactodeconvivencia.org\\\/\"},{\"@type\":\"ListItem\",\"position\":2,\"name\":\"Noticias\"}]},{\"@type\":\"WebSite\",\"@id\":\"https:\\\/\\\/pactodeconvivencia.org\\\/#website\",\"url\":\"https:\\\/\\\/pactodeconvivencia.org\\\/\",\"name\":\"PACTO DE CONVIVENCIA\",\"description\":\"Buscamos fortalecernos como sociedad civil en t\u00e9rminos de convivencia y cohesi\u00f3n social.\",\"potentialAction\":[{\"@type\":\"SearchAction\",\"target\":{\"@type\":\"EntryPoint\",\"urlTemplate\":\"https:\\\/\\\/pactodeconvivencia.org\\\/?s={search_term_string}\"},\"query-input\":{\"@type\":\"PropertyValueSpecification\",\"valueRequired\":true,\"valueName\":\"search_term_string\"}}],\"inLanguage\":\"fr-FR\"}]}<\/script>\n<!-- \/ Yoast SEO plugin. -->","yoast_head_json":{"title":"Noticias - PACTO DE CONVIVENCIA","robots":{"index":"index","follow":"follow","max-snippet":"max-snippet:-1","max-image-preview":"max-image-preview:large","max-video-preview":"max-video-preview:-1"},"canonical":"https:\/\/pactodeconvivencia.org\/fr\/noticias\/","og_locale":"fr_FR","og_type":"article","og_title":"Noticias - PACTO DE CONVIVENCIA","og_url":"https:\/\/pactodeconvivencia.org\/fr\/noticias\/","og_site_name":"PACTO DE CONVIVENCIA","article_modified_time":"2023-01-13T10:42:20+00:00","twitter_card":"summary_large_image","schema":{"@context":"https:\/\/schema.org","@graph":[{"@type":"WebPage","@id":"https:\/\/pactodeconvivencia.org\/noticias\/","url":"https:\/\/pactodeconvivencia.org\/noticias\/","name":"Noticias - PACTO DE CONVIVENCIA","isPartOf":{"@id":"https:\/\/pactodeconvivencia.org\/#website"},"datePublished":"2017-08-24T10:06:38+00:00","dateModified":"2023-01-13T10:42:20+00:00","breadcrumb":{"@id":"https:\/\/pactodeconvivencia.org\/noticias\/#breadcrumb"},"inLanguage":"fr-FR","potentialAction":[{"@type":"ReadAction","target":["https:\/\/pactodeconvivencia.org\/noticias\/"]}]},{"@type":"BreadcrumbList","@id":"https:\/\/pactodeconvivencia.org\/noticias\/#breadcrumb","itemListElement":[{"@type":"ListItem","position":1,"name":"Portada","item":"https:\/\/pactodeconvivencia.org\/"},{"@type":"ListItem","position":2,"name":"Noticias"}]},{"@type":"WebSite","@id":"https:\/\/pactodeconvivencia.org\/#website","url":"https:\/\/pactodeconvivencia.org\/","name":"PACTE DE COEXISTENCE","description":"Nous cherchons \u00e0 nous renforcer en tant que soci\u00e9t\u00e9 civile en termes de coexistence et de coh\u00e9sion sociale.","potentialAction":[{"@type":"SearchAction","target":{"@type":"EntryPoint","urlTemplate":"https:\/\/pactodeconvivencia.org\/?s={search_term_string}"},"query-input":{"@type":"PropertyValueSpecification","valueRequired":true,"valueName":"search_term_string"}}],"inLanguage":"fr-FR"}]}},"_links":{"self":[{"href":"https:\/\/pactodeconvivencia.org\/fr\/wp-json\/wp\/v2\/pages\/435","targetHints":{"allow":["GET"]}}],"collection":[{"href":"https:\/\/pactodeconvivencia.org\/fr\/wp-json\/wp\/v2\/pages"}],"about":[{"href":"https:\/\/pactodeconvivencia.org\/fr\/wp-json\/wp\/v2\/types\/page"}],"author":[{"embeddable":true,"href":"https:\/\/pactodeconvivencia.org\/fr\/wp-json\/wp\/v2\/users\/1"}],"replies":[{"embeddable":true,"href":"https:\/\/pactodeconvivencia.org\/fr\/wp-json\/wp\/v2\/comments?post=435"}],"version-history":[{"count":3,"href":"https:\/\/pactodeconvivencia.org\/fr\/wp-json\/wp\/v2\/pages\/435\/revisions"}],"predecessor-version":[{"id":851,"href":"https:\/\/pactodeconvivencia.org\/fr\/wp-json\/wp\/v2\/pages\/435\/revisions\/851"}],"wp:attachment":[{"href":"https:\/\/pactodeconvivencia.org\/fr\/wp-json\/wp\/v2\/media?parent=435"}],"curies":[{"name":"wp","href":"https:\/\/api.w.org\/{rel}","templated":true}]}}