{"id":451,"date":"2017-08-26T08:08:40","date_gmt":"2017-08-26T08:08:40","guid":{"rendered":"https:\/\/pactodeconvivencia.org\/?page_id=451"},"modified":"2018-11-04T16:11:40","modified_gmt":"2018-11-04T16:11:40","slug":"contacto","status":"publish","type":"page","link":"https:\/\/pactodeconvivencia.org\/fr\/contacto\/","title":{"rendered":"Contact"},"content":{"rendered":"<div class=\"wpcf7 no-js\" id=\"wpcf7-f529-o1\" lang=\"es-ES\" dir=\"ltr\" data-wpcf7-id=\"529\">\n<div class=\"screen-reader-response\"><p role=\"status\" aria-live=\"polite\" aria-atomic=\"true\"><\/p> <ul><\/ul><\/div>\n<form action=\"\/fr\/wp-json\/wp\/v2\/pages\/451#wpcf7-f529-o1\" method=\"post\" class=\"wpcf7-form init\" aria-label=\"Formulario de contacto\" novalidate=\"novalidate\" data-status=\"init\" data-trp-original-action=\"\/fr\/wp-json\/wp\/v2\/pages\/451#wpcf7-f529-o1\">\n<fieldset class=\"hidden-fields-container\"><input type=\"hidden\" name=\"_wpcf7\" value=\"529\" \/><input type=\"hidden\" name=\"_wpcf7_version\" value=\"6.1.5\" \/><input type=\"hidden\" name=\"_wpcf7_locale\" value=\"es_ES\" \/><input type=\"hidden\" name=\"_wpcf7_unit_tag\" value=\"wpcf7-f529-o1\" \/><input type=\"hidden\" name=\"_wpcf7_container_post\" value=\"0\" \/><input type=\"hidden\" name=\"_wpcf7_posted_data_hash\" value=\"\" \/><input type=\"hidden\" name=\"_wpcf7_recaptcha_response\" value=\"\" \/>\n<\/fieldset>\n<p><label> Nom (obligatoire)<br \/>\n<span class=\"wpcf7-form-control-wrap\" data-name=\"your-name\"><input size=\"40\" maxlength=\"400\" class=\"wpcf7-form-control wpcf7-text wpcf7-validates-as-required\" aria-required=\"true\" aria-invalid=\"false\" value=\"\" type=\"text\" name=\"your-name\" \/><\/span> <\/label>\n<\/p>\n<p><label> E-mail (obligatoire)<br \/>\n<span class=\"wpcf7-form-control-wrap\" data-name=\"your-email\"><input size=\"40\" maxlength=\"400\" class=\"wpcf7-form-control wpcf7-email wpcf7-validates-as-required wpcf7-text wpcf7-validates-as-email\" aria-required=\"true\" aria-invalid=\"false\" value=\"\" type=\"email\" name=\"your-email\" \/><\/span> <\/label>\n<\/p>\n<p><label> Sujet<br \/>\n<span class=\"wpcf7-form-control-wrap\" data-name=\"your-subject\"><input size=\"40\" maxlength=\"400\" class=\"wpcf7-form-control wpcf7-text\" aria-invalid=\"false\" value=\"\" type=\"text\" name=\"your-subject\" \/><\/span> <\/label>\n<\/p>\n<p><label> Message<br \/>\n<span class=\"wpcf7-form-control-wrap\" data-name=\"your-message\"><textarea cols=\"40\" rows=\"10\" maxlength=\"2000\" class=\"wpcf7-form-control wpcf7-textarea\" aria-invalid=\"false\" name=\"your-message\"><\/textarea><\/span> <\/label>\n<\/p>\n<p><input class=\"wpcf7-form-control wpcf7-submit has-spinner\" type=\"submit\" value=\"Envoyer\" \/>\n<\/p><p style=\"display: none !important;\" class=\"akismet-fields-container\" data-prefix=\"_wpcf7_ak_\"><label>&#916;<textarea name=\"_wpcf7_ak_hp_textarea\" cols=\"45\" rows=\"8\" maxlength=\"100\"><\/textarea><\/label><input type=\"hidden\" id=\"ak_js_1\" name=\"_wpcf7_ak_js\" value=\"126\"\/><script>document.getElementById( \"ak_js_1\" ).setAttribute( \"value\", ( new Date() ).getTime() );<\/script><\/p><div class=\"wpcf7-response-output\" aria-hidden=\"true\"><\/div>\n<input type=\"hidden\" name=\"trp-form-language\" value=\"fr\"\/><\/form>\n<\/div>","protected":false},"excerpt":{"rendered":"","protected":false},"author":1,"featured_media":524,"parent":0,"menu_order":0,"comment_status":"closed","ping_status":"closed","template":"","meta":{"_acf_changed":false,"footnotes":""},"class_list":["post-451","page","type-page","status-publish","has-post-thumbnail","hentry"],"acf":[],"yoast_head":"<!-- This site is optimized with the Yoast SEO plugin v27.3 - https:\/\/yoast.com\/product\/yoast-seo-wordpress\/ -->\n<title>Contacto - PACTO DE CONVIVENCIA<\/title>\n<meta name=\"robots\" content=\"index, follow, max-snippet:-1, max-image-preview:large, max-video-preview:-1\" \/>\n<link rel=\"canonical\" href=\"https:\/\/pactodeconvivencia.org\/fr\/contacto\/\" \/>\n<meta property=\"og:locale\" content=\"fr_FR\" \/>\n<meta property=\"og:type\" content=\"article\" \/>\n<meta property=\"og:title\" content=\"Contacto - PACTO DE CONVIVENCIA\" \/>\n<meta property=\"og:url\" content=\"https:\/\/pactodeconvivencia.org\/fr\/contacto\/\" \/>\n<meta property=\"og:site_name\" content=\"PACTO DE CONVIVENCIA\" \/>\n<meta property=\"article:modified_time\" content=\"2018-11-04T16:11:40+00:00\" \/>\n<meta property=\"og:image\" content=\"https:\/\/pactodeconvivencia.org\/wp-content\/uploads\/2018\/11\/contacto.jpeg\" \/>\n\t<meta property=\"og:image:width\" content=\"287\" \/>\n\t<meta property=\"og:image:height\" content=\"176\" \/>\n\t<meta property=\"og:image:type\" content=\"image\/jpeg\" \/>\n<meta name=\"twitter:card\" content=\"summary_large_image\" \/>\n<script type=\"application\/ld+json\" class=\"yoast-schema-graph\">{\"@context\":\"https:\\\/\\\/schema.org\",\"@graph\":[{\"@type\":\"WebPage\",\"@id\":\"https:\\\/\\\/pactodeconvivencia.org\\\/contacto\\\/\",\"url\":\"https:\\\/\\\/pactodeconvivencia.org\\\/contacto\\\/\",\"name\":\"Contacto - PACTO DE CONVIVENCIA\",\"isPartOf\":{\"@id\":\"https:\\\/\\\/pactodeconvivencia.org\\\/#website\"},\"primaryImageOfPage\":{\"@id\":\"https:\\\/\\\/pactodeconvivencia.org\\\/contacto\\\/#primaryimage\"},\"image\":{\"@id\":\"https:\\\/\\\/pactodeconvivencia.org\\\/contacto\\\/#primaryimage\"},\"thumbnailUrl\":\"https:\\\/\\\/pactodeconvivencia.org\\\/wp-content\\\/uploads\\\/2018\\\/11\\\/contacto.jpeg\",\"datePublished\":\"2017-08-26T08:08:40+00:00\",\"dateModified\":\"2018-11-04T16:11:40+00:00\",\"breadcrumb\":{\"@id\":\"https:\\\/\\\/pactodeconvivencia.org\\\/contacto\\\/#breadcrumb\"},\"inLanguage\":\"fr-FR\",\"potentialAction\":[{\"@type\":\"ReadAction\",\"target\":[\"https:\\\/\\\/pactodeconvivencia.org\\\/contacto\\\/\"]}]},{\"@type\":\"ImageObject\",\"inLanguage\":\"fr-FR\",\"@id\":\"https:\\\/\\\/pactodeconvivencia.org\\\/contacto\\\/#primaryimage\",\"url\":\"https:\\\/\\\/pactodeconvivencia.org\\\/wp-content\\\/uploads\\\/2018\\\/11\\\/contacto.jpeg\",\"contentUrl\":\"https:\\\/\\\/pactodeconvivencia.org\\\/wp-content\\\/uploads\\\/2018\\\/11\\\/contacto.jpeg\",\"width\":287,\"height\":176},{\"@type\":\"BreadcrumbList\",\"@id\":\"https:\\\/\\\/pactodeconvivencia.org\\\/contacto\\\/#breadcrumb\",\"itemListElement\":[{\"@type\":\"ListItem\",\"position\":1,\"name\":\"Portada\",\"item\":\"https:\\\/\\\/pactodeconvivencia.org\\\/\"},{\"@type\":\"ListItem\",\"position\":2,\"name\":\"Contacto\"}]},{\"@type\":\"WebSite\",\"@id\":\"https:\\\/\\\/pactodeconvivencia.org\\\/#website\",\"url\":\"https:\\\/\\\/pactodeconvivencia.org\\\/\",\"name\":\"PACTO DE CONVIVENCIA\",\"description\":\"Buscamos fortalecernos como sociedad civil en t\u00e9rminos de convivencia y cohesi\u00f3n social.\",\"potentialAction\":[{\"@type\":\"SearchAction\",\"target\":{\"@type\":\"EntryPoint\",\"urlTemplate\":\"https:\\\/\\\/pactodeconvivencia.org\\\/?s={search_term_string}\"},\"query-input\":{\"@type\":\"PropertyValueSpecification\",\"valueRequired\":true,\"valueName\":\"search_term_string\"}}],\"inLanguage\":\"fr-FR\"}]}<\/script>\n<!-- \/ Yoast SEO plugin. -->","yoast_head_json":{"title":"Contacto - PACTO DE CONVIVENCIA","robots":{"index":"index","follow":"follow","max-snippet":"max-snippet:-1","max-image-preview":"max-image-preview:large","max-video-preview":"max-video-preview:-1"},"canonical":"https:\/\/pactodeconvivencia.org\/fr\/contacto\/","og_locale":"fr_FR","og_type":"article","og_title":"Contacto - PACTO DE CONVIVENCIA","og_url":"https:\/\/pactodeconvivencia.org\/fr\/contacto\/","og_site_name":"PACTO DE CONVIVENCIA","article_modified_time":"2018-11-04T16:11:40+00:00","og_image":[{"width":287,"height":176,"url":"https:\/\/pactodeconvivencia.org\/wp-content\/uploads\/2018\/11\/contacto.jpeg","type":"image\/jpeg"}],"twitter_card":"summary_large_image","schema":{"@context":"https:\/\/schema.org","@graph":[{"@type":"WebPage","@id":"https:\/\/pactodeconvivencia.org\/contacto\/","url":"https:\/\/pactodeconvivencia.org\/contacto\/","name":"Contacto - PACTO DE CONVIVENCIA","isPartOf":{"@id":"https:\/\/pactodeconvivencia.org\/#website"},"primaryImageOfPage":{"@id":"https:\/\/pactodeconvivencia.org\/contacto\/#primaryimage"},"image":{"@id":"https:\/\/pactodeconvivencia.org\/contacto\/#primaryimage"},"thumbnailUrl":"https:\/\/pactodeconvivencia.org\/wp-content\/uploads\/2018\/11\/contacto.jpeg","datePublished":"2017-08-26T08:08:40+00:00","dateModified":"2018-11-04T16:11:40+00:00","breadcrumb":{"@id":"https:\/\/pactodeconvivencia.org\/contacto\/#breadcrumb"},"inLanguage":"fr-FR","potentialAction":[{"@type":"ReadAction","target":["https:\/\/pactodeconvivencia.org\/contacto\/"]}]},{"@type":"ImageObject","inLanguage":"fr-FR","@id":"https:\/\/pactodeconvivencia.org\/contacto\/#primaryimage","url":"https:\/\/pactodeconvivencia.org\/wp-content\/uploads\/2018\/11\/contacto.jpeg","contentUrl":"https:\/\/pactodeconvivencia.org\/wp-content\/uploads\/2018\/11\/contacto.jpeg","width":287,"height":176},{"@type":"BreadcrumbList","@id":"https:\/\/pactodeconvivencia.org\/contacto\/#breadcrumb","itemListElement":[{"@type":"ListItem","position":1,"name":"Portada","item":"https:\/\/pactodeconvivencia.org\/"},{"@type":"ListItem","position":2,"name":"Contacto"}]},{"@type":"WebSite","@id":"https:\/\/pactodeconvivencia.org\/#website","url":"https:\/\/pactodeconvivencia.org\/","name":"PACTE DE COEXISTENCE","description":"Nous cherchons \u00e0 nous renforcer en tant que soci\u00e9t\u00e9 civile en termes de coexistence et de coh\u00e9sion sociale.","potentialAction":[{"@type":"SearchAction","target":{"@type":"EntryPoint","urlTemplate":"https:\/\/pactodeconvivencia.org\/?s={search_term_string}"},"query-input":{"@type":"PropertyValueSpecification","valueRequired":true,"valueName":"search_term_string"}}],"inLanguage":"fr-FR"}]}},"_links":{"self":[{"href":"https:\/\/pactodeconvivencia.org\/fr\/wp-json\/wp\/v2\/pages\/451","targetHints":{"allow":["GET"]}}],"collection":[{"href":"https:\/\/pactodeconvivencia.org\/fr\/wp-json\/wp\/v2\/pages"}],"about":[{"href":"https:\/\/pactodeconvivencia.org\/fr\/wp-json\/wp\/v2\/types\/page"}],"author":[{"embeddable":true,"href":"https:\/\/pactodeconvivencia.org\/fr\/wp-json\/wp\/v2\/users\/1"}],"replies":[{"embeddable":true,"href":"https:\/\/pactodeconvivencia.org\/fr\/wp-json\/wp\/v2\/comments?post=451"}],"version-history":[{"count":4,"href":"https:\/\/pactodeconvivencia.org\/fr\/wp-json\/wp\/v2\/pages\/451\/revisions"}],"predecessor-version":[{"id":530,"href":"https:\/\/pactodeconvivencia.org\/fr\/wp-json\/wp\/v2\/pages\/451\/revisions\/530"}],"wp:featuredmedia":[{"embeddable":true,"href":"https:\/\/pactodeconvivencia.org\/fr\/wp-json\/wp\/v2\/media\/524"}],"wp:attachment":[{"href":"https:\/\/pactodeconvivencia.org\/fr\/wp-json\/wp\/v2\/media?parent=451"}],"curies":[{"name":"wp","href":"https:\/\/api.w.org\/{rel}","templated":true}]}}