{"id":546,"date":"2018-11-05T10:32:08","date_gmt":"2018-11-05T10:32:08","guid":{"rendered":"https:\/\/pactodeconvivencia.org\/?page_id=546"},"modified":"2023-01-27T17:29:18","modified_gmt":"2023-01-27T17:29:18","slug":"red","status":"publish","type":"page","link":"https:\/\/pactodeconvivencia.org\/fr\/red\/","title":{"rendered":"Le r\u00e9seau"},"content":{"rendered":"<p><strong>Pacte de coexistence<\/strong> est actuellement compos\u00e9 des groupes et institutions suivants :<\/p>\n<ul>\n<li><span style=\"color: #000000;\"><a style=\"color: #000000;\" href=\"https:\/\/www.archimadrid.org\/\"><span style=\"color: #0000ff;\">Archev\u00each\u00e9 de Madrid<\/span><\/a><\/span><\/li>\n<li><span style=\"color: #0000ff;\"><a style=\"color: #0000ff;\" href=\"https:\/\/www.copmadrid.org\/web\/\">Coll\u00e8ge officiel de psychologie de Madrid<\/a><\/span><\/li>\n<li><span style=\"color: #0000ff;\"><a style=\"color: #0000ff;\" href=\"http:\/\/comisionislamicadeespana.org\/\">Commission islamique d'Espagne<\/a><\/span><\/li>\n<li><span style=\"color: #0000ff;\"><a style=\"color: #0000ff;\" href=\"https:\/\/coordinadoraongd.org\/\">Comit\u00e9 de coordination des organisations de coop\u00e9ration au d\u00e9veloppement (Coordinadora de Organizaciones de Cooperaci\u00f3n para el Desarrollo)<\/a><\/span><\/li>\n<li><span style=\"color: #0000ff;\">Conseil pour les victimes de crimes de haine et de discrimination<\/span><\/li>\n<li><span style=\"color: #0000ff;\"><a style=\"color: #0000ff;\" href=\"http:\/\/www.crue.org\">Universit\u00e9s espagnoles Crue<\/a><\/span><\/li>\n<li><span style=\"color: #0000ff;\"><a style=\"color: #0000ff;\" href=\"http:\/\/diaconia.es\/\">Diakonia Espagne<\/a><\/span><\/li>\n<li><span style=\"color: #0000ff;\"><a style=\"color: #0000ff;\" href=\"http:\/\/web.icam.es\/\">Barreau de Madrid<\/a><\/span><\/li>\n<li><span style=\"color: #0000ff;\"><a style=\"color: #0000ff;\" href=\"http:\/\/www.movimientocontralaintolerancia.com\/\">Mouvement contre l'intol\u00e9rance<\/a><\/span><\/li>\n<li><span style=\"color: #0000ff;\"><a style=\"color: #0000ff;\" href=\"http:\/\/www.plataformatercersector.es\/\">Plate-forme du troisi\u00e8me secteur<\/a><\/span><\/li>\n<li><span style=\"color: #0000ff;\"><a style=\"color: #0000ff;\" href=\"https:\/\/www.ferede.es\/\">F\u00e9d\u00e9ration des entit\u00e9s religieuses \u00e9vang\u00e9liques d'Espagne (Federaci\u00f3n de Entidades Religiosas Evang\u00e9licas de Espa\u00f1a)<\/a><\/span><\/li>\n<\/ul>\n<p>Il travaille en \u00e9troite collaboration avec le groupe de recherche <span style=\"color: #000000;\"><a style=\"color: #000000;\" href=\"http:\/\/worldslab.eu\/\"><span style=\"color: #0000ff;\">Wor(l)ds Lab<\/span><\/a> <\/span>et avec le groupe artiviste Efecto L\u00e1zaro, ainsi qu'avec d'autres experts de diff\u00e9rentes universit\u00e9s.<\/p>\n<p>La plateforme a une volont\u00e9 inclusive et est constitu\u00e9e dans le but de parvenir \u00e0 un consensus et de mettre en \u0153uvre des propositions visant \u00e0 nous renforcer en tant que soci\u00e9t\u00e9 face au processus croissant de radicalisation. Elle est ouverte \u00e0 l'incorporation d'autres entit\u00e9s.<\/p>","protected":false},"excerpt":{"rendered":"<p>Pacto de convivencia est\u00e1 integrado actualmente por los siguientes colectivos e instituciones: Arzobispado de Madrid Colegio Oficial de la Psicolog\u00eda de Madrid Comisi\u00f3n Isl\u00e1mica de Espa\u00f1a Coordinadora de Organizaciones de Cooperaci\u00f3n para el Desarrollo Consejo de V\u00edctimas de Delitos de Odio y Discriminaci\u00f3n Crue Universidades Espa\u00f1olas Diacon\u00eda Espa\u00f1a Ilustre Colegio de Abogados de Madrid Movimiento [&hellip;]<\/p>\n","protected":false},"author":1,"featured_media":0,"parent":0,"menu_order":0,"comment_status":"closed","ping_status":"closed","template":"","meta":{"_acf_changed":false,"footnotes":""},"class_list":["post-546","page","type-page","status-publish","hentry"],"acf":[],"yoast_head":"<!-- This site is optimized with the Yoast SEO plugin v27.3 - https:\/\/yoast.com\/product\/yoast-seo-wordpress\/ -->\n<title>La Red - PACTO DE CONVIVENCIA<\/title>\n<meta name=\"robots\" content=\"index, follow, max-snippet:-1, max-image-preview:large, max-video-preview:-1\" \/>\n<link rel=\"canonical\" href=\"https:\/\/pactodeconvivencia.org\/fr\/red\/\" \/>\n<meta property=\"og:locale\" content=\"fr_FR\" \/>\n<meta property=\"og:type\" content=\"article\" \/>\n<meta property=\"og:title\" content=\"La Red - PACTO DE CONVIVENCIA\" \/>\n<meta property=\"og:description\" content=\"Pacto de convivencia est\u00e1 integrado actualmente por los siguientes colectivos e instituciones: Arzobispado de Madrid Colegio Oficial de la Psicolog\u00eda de Madrid Comisi\u00f3n Isl\u00e1mica de Espa\u00f1a Coordinadora de Organizaciones de Cooperaci\u00f3n para el Desarrollo Consejo de V\u00edctimas de Delitos de Odio y Discriminaci\u00f3n Crue Universidades Espa\u00f1olas Diacon\u00eda Espa\u00f1a Ilustre Colegio de Abogados de Madrid Movimiento [&hellip;]\" \/>\n<meta property=\"og:url\" content=\"https:\/\/pactodeconvivencia.org\/fr\/red\/\" \/>\n<meta property=\"og:site_name\" content=\"PACTO DE CONVIVENCIA\" \/>\n<meta property=\"article:modified_time\" content=\"2023-01-27T17:29:18+00:00\" \/>\n<meta name=\"twitter:card\" content=\"summary_large_image\" \/>\n<meta name=\"twitter:label1\" content=\"Dur\u00e9e de lecture estim\u00e9e\" \/>\n\t<meta name=\"twitter:data1\" content=\"1 minute\" \/>\n<script type=\"application\/ld+json\" class=\"yoast-schema-graph\">{\"@context\":\"https:\\\/\\\/schema.org\",\"@graph\":[{\"@type\":\"WebPage\",\"@id\":\"https:\\\/\\\/pactodeconvivencia.org\\\/red\\\/\",\"url\":\"https:\\\/\\\/pactodeconvivencia.org\\\/red\\\/\",\"name\":\"La Red - PACTO DE CONVIVENCIA\",\"isPartOf\":{\"@id\":\"https:\\\/\\\/pactodeconvivencia.org\\\/#website\"},\"datePublished\":\"2018-11-05T10:32:08+00:00\",\"dateModified\":\"2023-01-27T17:29:18+00:00\",\"breadcrumb\":{\"@id\":\"https:\\\/\\\/pactodeconvivencia.org\\\/red\\\/#breadcrumb\"},\"inLanguage\":\"fr-FR\",\"potentialAction\":[{\"@type\":\"ReadAction\",\"target\":[\"https:\\\/\\\/pactodeconvivencia.org\\\/red\\\/\"]}]},{\"@type\":\"BreadcrumbList\",\"@id\":\"https:\\\/\\\/pactodeconvivencia.org\\\/red\\\/#breadcrumb\",\"itemListElement\":[{\"@type\":\"ListItem\",\"position\":1,\"name\":\"Portada\",\"item\":\"https:\\\/\\\/pactodeconvivencia.org\\\/\"},{\"@type\":\"ListItem\",\"position\":2,\"name\":\"La Red\"}]},{\"@type\":\"WebSite\",\"@id\":\"https:\\\/\\\/pactodeconvivencia.org\\\/#website\",\"url\":\"https:\\\/\\\/pactodeconvivencia.org\\\/\",\"name\":\"PACTO DE CONVIVENCIA\",\"description\":\"Buscamos fortalecernos como sociedad civil en t\u00e9rminos de convivencia y cohesi\u00f3n social.\",\"potentialAction\":[{\"@type\":\"SearchAction\",\"target\":{\"@type\":\"EntryPoint\",\"urlTemplate\":\"https:\\\/\\\/pactodeconvivencia.org\\\/?s={search_term_string}\"},\"query-input\":{\"@type\":\"PropertyValueSpecification\",\"valueRequired\":true,\"valueName\":\"search_term_string\"}}],\"inLanguage\":\"fr-FR\"}]}<\/script>\n<!-- \/ Yoast SEO plugin. -->","yoast_head_json":{"title":"La Red - PACTO DE CONVIVENCIA","robots":{"index":"index","follow":"follow","max-snippet":"max-snippet:-1","max-image-preview":"max-image-preview:large","max-video-preview":"max-video-preview:-1"},"canonical":"https:\/\/pactodeconvivencia.org\/fr\/red\/","og_locale":"fr_FR","og_type":"article","og_title":"La Red - PACTO DE CONVIVENCIA","og_description":"Pacto de convivencia est\u00e1 integrado actualmente por los siguientes colectivos e instituciones: Arzobispado de Madrid Colegio Oficial de la Psicolog\u00eda de Madrid Comisi\u00f3n Isl\u00e1mica de Espa\u00f1a Coordinadora de Organizaciones de Cooperaci\u00f3n para el Desarrollo Consejo de V\u00edctimas de Delitos de Odio y Discriminaci\u00f3n Crue Universidades Espa\u00f1olas Diacon\u00eda Espa\u00f1a Ilustre Colegio de Abogados de Madrid Movimiento [&hellip;]","og_url":"https:\/\/pactodeconvivencia.org\/fr\/red\/","og_site_name":"PACTO DE CONVIVENCIA","article_modified_time":"2023-01-27T17:29:18+00:00","twitter_card":"summary_large_image","twitter_misc":{"Dur\u00e9e de lecture estim\u00e9e":"1 minute"},"schema":{"@context":"https:\/\/schema.org","@graph":[{"@type":"WebPage","@id":"https:\/\/pactodeconvivencia.org\/red\/","url":"https:\/\/pactodeconvivencia.org\/red\/","name":"La Red - PACTO DE CONVIVENCIA","isPartOf":{"@id":"https:\/\/pactodeconvivencia.org\/#website"},"datePublished":"2018-11-05T10:32:08+00:00","dateModified":"2023-01-27T17:29:18+00:00","breadcrumb":{"@id":"https:\/\/pactodeconvivencia.org\/red\/#breadcrumb"},"inLanguage":"fr-FR","potentialAction":[{"@type":"ReadAction","target":["https:\/\/pactodeconvivencia.org\/red\/"]}]},{"@type":"BreadcrumbList","@id":"https:\/\/pactodeconvivencia.org\/red\/#breadcrumb","itemListElement":[{"@type":"ListItem","position":1,"name":"Portada","item":"https:\/\/pactodeconvivencia.org\/"},{"@type":"ListItem","position":2,"name":"La Red"}]},{"@type":"WebSite","@id":"https:\/\/pactodeconvivencia.org\/#website","url":"https:\/\/pactodeconvivencia.org\/","name":"PACTE DE COEXISTENCE","description":"Nous cherchons \u00e0 nous renforcer en tant que soci\u00e9t\u00e9 civile en termes de coexistence et de coh\u00e9sion sociale.","potentialAction":[{"@type":"SearchAction","target":{"@type":"EntryPoint","urlTemplate":"https:\/\/pactodeconvivencia.org\/?s={search_term_string}"},"query-input":{"@type":"PropertyValueSpecification","valueRequired":true,"valueName":"search_term_string"}}],"inLanguage":"fr-FR"}]}},"_links":{"self":[{"href":"https:\/\/pactodeconvivencia.org\/fr\/wp-json\/wp\/v2\/pages\/546","targetHints":{"allow":["GET"]}}],"collection":[{"href":"https:\/\/pactodeconvivencia.org\/fr\/wp-json\/wp\/v2\/pages"}],"about":[{"href":"https:\/\/pactodeconvivencia.org\/fr\/wp-json\/wp\/v2\/types\/page"}],"author":[{"embeddable":true,"href":"https:\/\/pactodeconvivencia.org\/fr\/wp-json\/wp\/v2\/users\/1"}],"replies":[{"embeddable":true,"href":"https:\/\/pactodeconvivencia.org\/fr\/wp-json\/wp\/v2\/comments?post=546"}],"version-history":[{"count":8,"href":"https:\/\/pactodeconvivencia.org\/fr\/wp-json\/wp\/v2\/pages\/546\/revisions"}],"predecessor-version":[{"id":1151,"href":"https:\/\/pactodeconvivencia.org\/fr\/wp-json\/wp\/v2\/pages\/546\/revisions\/1151"}],"wp:attachment":[{"href":"https:\/\/pactodeconvivencia.org\/fr\/wp-json\/wp\/v2\/media?parent=546"}],"curies":[{"name":"wp","href":"https:\/\/api.w.org\/{rel}","templated":true}]}}