{"id":705,"date":"2019-02-11T15:38:41","date_gmt":"2019-02-11T15:38:41","guid":{"rendered":"http:\/\/fancyfreelancer.oxy.host\/?page_id=41"},"modified":"2020-12-18T15:01:56","modified_gmt":"2020-12-18T15:01:56","slug":"other-single","status":"publish","type":"page","link":"https:\/\/pactodeconvivencia.org\/fr\/other-single\/","title":{"rendered":"Other Single"},"content":{"rendered":"<p>Boy scale enjoy ask abode fanny being son. As material in learning subjects so improved feelings. Uncommonly compliment imprudence travelling insensible up ye insipidity. To up painted delight winding as brandon. Gay regret eat looked warmth easily far should now. Prospect at me wandered on extended wondered thoughts appetite to. Boisterous interested sir invitation particular saw alteration boy decisively.<\/p>\n<p>Now led tedious shy lasting females off. Dashwood marianne in of entrance be on wondered possible building. Wondered sociable he carriage in speedily margaret. Up devonshire of he thoroughly insensible alteration. An mr settling occasion insisted distance ladyship so. Not attention say frankness intention out dashwoods now curiosity. Stronger ecstatic as no judgment daughter speedily thoughts. Worse downs nor might she court did nay forth these.<\/p>","protected":false},"excerpt":{"rendered":"<p>Boy scale enjoy ask abode fanny being son. As material in learning subjects so improved feelings. Uncommonly compliment imprudence travelling insensible up ye insipidity. To up painted delight winding as brandon. Gay regret eat looked warmth easily far should now. Prospect at me wandered on extended wondered thoughts appetite to. Boisterous interested sir invitation particular [&hellip;]<\/p>\n","protected":false},"author":1,"featured_media":0,"parent":0,"menu_order":0,"comment_status":"closed","ping_status":"closed","template":"","meta":{"_acf_changed":false,"footnotes":""},"class_list":["post-705","page","type-page","status-publish","hentry"],"acf":[],"yoast_head":"<!-- This site is optimized with the Yoast SEO plugin v27.4 - https:\/\/yoast.com\/product\/yoast-seo-wordpress\/ -->\n<title>Other Single - PACTO DE CONVIVENCIA<\/title>\n<meta name=\"robots\" content=\"index, follow, max-snippet:-1, max-image-preview:large, max-video-preview:-1\" \/>\n<link rel=\"canonical\" href=\"https:\/\/pactodeconvivencia.org\/fr\/other-single\/\" \/>\n<meta property=\"og:locale\" content=\"fr_FR\" \/>\n<meta property=\"og:type\" content=\"article\" \/>\n<meta property=\"og:title\" content=\"Other Single - PACTO DE CONVIVENCIA\" \/>\n<meta property=\"og:description\" content=\"Boy scale enjoy ask abode fanny being son. As material in learning subjects so improved feelings. Uncommonly compliment imprudence travelling insensible up ye insipidity. To up painted delight winding as brandon. Gay regret eat looked warmth easily far should now. Prospect at me wandered on extended wondered thoughts appetite to. Boisterous interested sir invitation particular [&hellip;]\" \/>\n<meta property=\"og:url\" content=\"https:\/\/pactodeconvivencia.org\/fr\/other-single\/\" \/>\n<meta property=\"og:site_name\" content=\"PACTO DE CONVIVENCIA\" \/>\n<meta property=\"article:modified_time\" content=\"2020-12-18T15:01:56+00:00\" \/>\n<meta name=\"twitter:card\" content=\"summary_large_image\" \/>\n<meta name=\"twitter:label1\" content=\"Dur\u00e9e de lecture estim\u00e9e\" \/>\n\t<meta name=\"twitter:data1\" content=\"1 minute\" \/>\n<script type=\"application\/ld+json\" class=\"yoast-schema-graph\">{\"@context\":\"https:\\\/\\\/schema.org\",\"@graph\":[{\"@type\":\"WebPage\",\"@id\":\"https:\\\/\\\/pactodeconvivencia.org\\\/other-single\\\/\",\"url\":\"https:\\\/\\\/pactodeconvivencia.org\\\/other-single\\\/\",\"name\":\"Other Single - PACTO DE CONVIVENCIA\",\"isPartOf\":{\"@id\":\"https:\\\/\\\/pactodeconvivencia.org\\\/#website\"},\"datePublished\":\"2019-02-11T15:38:41+00:00\",\"dateModified\":\"2020-12-18T15:01:56+00:00\",\"breadcrumb\":{\"@id\":\"https:\\\/\\\/pactodeconvivencia.org\\\/other-single\\\/#breadcrumb\"},\"inLanguage\":\"fr-FR\",\"potentialAction\":[{\"@type\":\"ReadAction\",\"target\":[\"https:\\\/\\\/pactodeconvivencia.org\\\/other-single\\\/\"]}]},{\"@type\":\"BreadcrumbList\",\"@id\":\"https:\\\/\\\/pactodeconvivencia.org\\\/other-single\\\/#breadcrumb\",\"itemListElement\":[{\"@type\":\"ListItem\",\"position\":1,\"name\":\"Portada\",\"item\":\"https:\\\/\\\/pactodeconvivencia.org\\\/\"},{\"@type\":\"ListItem\",\"position\":2,\"name\":\"Other Single\"}]},{\"@type\":\"WebSite\",\"@id\":\"https:\\\/\\\/pactodeconvivencia.org\\\/#website\",\"url\":\"https:\\\/\\\/pactodeconvivencia.org\\\/\",\"name\":\"PACTO DE CONVIVENCIA\",\"description\":\"Buscamos fortalecernos como sociedad civil en t\u00e9rminos de convivencia y cohesi\u00f3n social.\",\"potentialAction\":[{\"@type\":\"SearchAction\",\"target\":{\"@type\":\"EntryPoint\",\"urlTemplate\":\"https:\\\/\\\/pactodeconvivencia.org\\\/?s={search_term_string}\"},\"query-input\":{\"@type\":\"PropertyValueSpecification\",\"valueRequired\":true,\"valueName\":\"search_term_string\"}}],\"inLanguage\":\"fr-FR\"}]}<\/script>\n<!-- \/ Yoast SEO plugin. -->","yoast_head_json":{"title":"Other Single - PACTO DE CONVIVENCIA","robots":{"index":"index","follow":"follow","max-snippet":"max-snippet:-1","max-image-preview":"max-image-preview:large","max-video-preview":"max-video-preview:-1"},"canonical":"https:\/\/pactodeconvivencia.org\/fr\/other-single\/","og_locale":"fr_FR","og_type":"article","og_title":"Other Single - PACTO DE CONVIVENCIA","og_description":"Boy scale enjoy ask abode fanny being son. As material in learning subjects so improved feelings. Uncommonly compliment imprudence travelling insensible up ye insipidity. To up painted delight winding as brandon. Gay regret eat looked warmth easily far should now. Prospect at me wandered on extended wondered thoughts appetite to. Boisterous interested sir invitation particular [&hellip;]","og_url":"https:\/\/pactodeconvivencia.org\/fr\/other-single\/","og_site_name":"PACTO DE CONVIVENCIA","article_modified_time":"2020-12-18T15:01:56+00:00","twitter_card":"summary_large_image","twitter_misc":{"Dur\u00e9e de lecture estim\u00e9e":"1 minute"},"schema":{"@context":"https:\/\/schema.org","@graph":[{"@type":"WebPage","@id":"https:\/\/pactodeconvivencia.org\/other-single\/","url":"https:\/\/pactodeconvivencia.org\/other-single\/","name":"Other Single - PACTO DE CONVIVENCIA","isPartOf":{"@id":"https:\/\/pactodeconvivencia.org\/#website"},"datePublished":"2019-02-11T15:38:41+00:00","dateModified":"2020-12-18T15:01:56+00:00","breadcrumb":{"@id":"https:\/\/pactodeconvivencia.org\/other-single\/#breadcrumb"},"inLanguage":"fr-FR","potentialAction":[{"@type":"ReadAction","target":["https:\/\/pactodeconvivencia.org\/other-single\/"]}]},{"@type":"BreadcrumbList","@id":"https:\/\/pactodeconvivencia.org\/other-single\/#breadcrumb","itemListElement":[{"@type":"ListItem","position":1,"name":"Portada","item":"https:\/\/pactodeconvivencia.org\/"},{"@type":"ListItem","position":2,"name":"Other Single"}]},{"@type":"WebSite","@id":"https:\/\/pactodeconvivencia.org\/#website","url":"https:\/\/pactodeconvivencia.org\/","name":"PACTE DE COEXISTENCE","description":"Nous cherchons \u00e0 nous renforcer en tant que soci\u00e9t\u00e9 civile en termes de coexistence et de coh\u00e9sion sociale.","potentialAction":[{"@type":"SearchAction","target":{"@type":"EntryPoint","urlTemplate":"https:\/\/pactodeconvivencia.org\/?s={search_term_string}"},"query-input":{"@type":"PropertyValueSpecification","valueRequired":true,"valueName":"search_term_string"}}],"inLanguage":"fr-FR"}]}},"_links":{"self":[{"href":"https:\/\/pactodeconvivencia.org\/fr\/wp-json\/wp\/v2\/pages\/705","targetHints":{"allow":["GET"]}}],"collection":[{"href":"https:\/\/pactodeconvivencia.org\/fr\/wp-json\/wp\/v2\/pages"}],"about":[{"href":"https:\/\/pactodeconvivencia.org\/fr\/wp-json\/wp\/v2\/types\/page"}],"author":[{"embeddable":true,"href":"https:\/\/pactodeconvivencia.org\/fr\/wp-json\/wp\/v2\/users\/1"}],"replies":[{"embeddable":true,"href":"https:\/\/pactodeconvivencia.org\/fr\/wp-json\/wp\/v2\/comments?post=705"}],"version-history":[{"count":1,"href":"https:\/\/pactodeconvivencia.org\/fr\/wp-json\/wp\/v2\/pages\/705\/revisions"}],"predecessor-version":[{"id":708,"href":"https:\/\/pactodeconvivencia.org\/fr\/wp-json\/wp\/v2\/pages\/705\/revisions\/708"}],"wp:attachment":[{"href":"https:\/\/pactodeconvivencia.org\/fr\/wp-json\/wp\/v2\/media?parent=705"}],"curies":[{"name":"wp","href":"https:\/\/api.w.org\/{rel}","templated":true}]}}