{"id":761,"date":"2020-12-22T15:01:39","date_gmt":"2020-12-22T15:01:39","guid":{"rendered":"https:\/\/pactodeconvivencia.org\/?page_id=761"},"modified":"2021-10-18T08:32:55","modified_gmt":"2021-10-18T08:32:55","slug":"politica-de-privacidad","status":"publish","type":"page","link":"https:\/\/pactodeconvivencia.org\/fr\/politica-de-privacidad\/","title":{"rendered":"Politique de confidentialit\u00e9"},"content":{"rendered":"<h2 class=\"wp-block-heading\">Qui sommes-nous ?<\/h2>\n\n\n\n<p>L'adresse de notre site web est la suivante : https:\/\/pactodeconvivencia.org.<\/p>\n\n\n\n<p><strong>POLITIQUE DE CONFIDENTIALIT\u00c9<\/strong> <\/p>\n\n\n\n<p>INFORMATION \u00c0 L'USEREFECTO LAZARO ci-apr\u00e8s RESPONSABLE, est le responsable du traitement des donn\u00e9es personnelles de l'Utilisateur et vous informe que ces donn\u00e9es seront trait\u00e9es conform\u00e9ment aux dispositions du r\u00e8glement (UE) 2016\/679 du 27 avril (GDPR) et de la loi organique 3\/2018 du 5 d\u00e9cembre (LOPDGDD), pour lesquelles les informations de traitement suivantes vous sont fournies :<\/p>\n\n\n\n<p> OBJECTIFS DU TRAITEMENT : Activit\u00e9s inh\u00e9rentes au d\u00e9veloppement de l'activit\u00e9 exerc\u00e9e par EFECTO LAZARO. Si le responsable du traitement pr\u00e9voit un traitement ult\u00e9rieur diff\u00e9rent, il fournit \u00e0 la personne concern\u00e9e, avant ce traitement ult\u00e9rieur, des informations sur cette autre finalit\u00e9 et toute information suppl\u00e9mentaire. Les donn\u00e9es ne sont pas trait\u00e9es de mani\u00e8re incompatible avec ces finalit\u00e9s ; le traitement ult\u00e9rieur des donn\u00e9es personnelles \u00e0 des fins d'archivage dans l'int\u00e9r\u00eat public, \u00e0 des fins de recherche scientifique et historique ou \u00e0 des fins statistiques n'est pas consid\u00e9r\u00e9 comme incompatible avec les finalit\u00e9s initiales. Les donn\u00e9es \u00e0 caract\u00e8re personnel ne sont pas utilis\u00e9es pour un traitement automatis\u00e9 \u00e0 des fins de profilage ou pour prendre une d\u00e9cision fond\u00e9e uniquement sur un traitement automatis\u00e9, y compris le profilage. <\/p>\n\n\n\n<p>P\u00c9RIODE DE CONSERVATION : Les donn\u00e9es seront conserv\u00e9es aussi longtemps que n\u00e9cessaire pour les finalit\u00e9s autoris\u00e9es du traitement.<\/p>\n\n\n\n<p> L\u00c9GITIMIT\u00c9 : Consentement de la personne concern\u00e9e et traitement n\u00e9cessaire \u00e0 l'ex\u00e9cution des t\u00e2ches confi\u00e9es. Base juridique du traitement : Art.6.1 a et b <\/p>\n\n\n\n<p>Les donn\u00e9es des personnes concern\u00e9es ne seront transf\u00e9r\u00e9es que si la loi l'exige ou pour des raisons li\u00e9es au service offert par EFECTO LAZARO au moyen d'un contrat de service avec le responsable du traitement des donn\u00e9es. Transfert vers des pays tiers : Il n'est pas pr\u00e9vu de transf\u00e9rer des donn\u00e9es personnelles vers des pays tiers ou des organisations internationales. Dans le cas o\u00f9 le responsable du traitement envisage de transf\u00e9rer des donn\u00e9es \u00e0 caract\u00e8re personnel vers des pays tiers, la personne concern\u00e9e doit en \u00eatre inform\u00e9e au pr\u00e9alable. <\/p>\n\n\n\n<p>DROITS : Droit de retirer son consentement et droits d'acc\u00e8s, de rectification, d'effacement, de restriction, d'opposition et de portabilit\u00e9 des donn\u00e9es. <\/p>\n\n\n\n<p>COMMENT EXERCER VOS DROITS : Vous pouvez exercer vos droits d'acc\u00e8s, de rectification, d'effacement, de limitation, d'opposition et de portabilit\u00e9 de vos donn\u00e9es en contactant le responsable du traitement des donn\u00e9es \u00e0 l'adresse suivante : Barrio Caviedes, 135A, Valdaliga, 39593, Cantabria, info@pactodeconvivencia.org.<\/p>\n\n\n\n<p>DROIT DE RETRAIT DU CONSENTEMENT : Le retrait du consentement n'affectera pas la l\u00e9galit\u00e9 du traitement fond\u00e9 sur le consentement avant son retrait. <\/p>\n\n\n\n<p>DROIT D'INTRODUIRE UNE PLAINTE AUPR\u00c8S DE L'AUTORIT\u00c9 DE SURVEILLANCE COMP\u00c9TENTE (AEPD) COORDONN\u00c9ES DE L'OPR : AVDA BRASIL 17, 28020 MADRID - dpd@sonorsolucionesnormativas.es<\/p>\n\n\n\n<p>2. CARACT\u00c8RE OBLIGATOIRE OU OBLIGATOIRE DES INFORMATIONS FOURNIES PAR L'UTILISATEURLes utilisateurs, en cochant les cases correspondantes et en saisissant les donn\u00e9es dans les champs marqu\u00e9s d'un ast\u00e9risque (*) dans le formulaire de contact ou pr\u00e9sent\u00e9s dans les formulaires de t\u00e9l\u00e9chargement, acceptent express\u00e9ment et librement et sans \u00e9quivoque que leurs donn\u00e9es sont n\u00e9cessaires pour r\u00e9pondre \u00e0 leur demande, par le fournisseur, \u00e9tant volontaire l'inclusion de donn\u00e9es dans les champs restants. L'Utilisateur garantit que les donn\u00e9es personnelles fournies au RESPONSABLE sont v\u00e9ridiques et est responsable de la communication de toute modification de celles-ci. Le RESPONSABLE informe et garantit express\u00e9ment aux utilisateurs que leurs donn\u00e9es personnelles ne seront en aucun cas c\u00e9d\u00e9es \u00e0 des tiers, et que chaque fois qu'un type de transfert de donn\u00e9es personnelles sera effectu\u00e9, le consentement expr\u00e8s, inform\u00e9 et sans \u00e9quivoque des Utilisateurs sera pr\u00e9alablement demand\u00e9. Toutes les donn\u00e9es demand\u00e9es par le biais du site web sont obligatoires, car elles sont n\u00e9cessaires \u00e0 la fourniture d'un service optimal \u00e0 l'utilisateur. Dans le cas o\u00f9 toutes les donn\u00e9es ne sont pas fournies, il n'est pas garanti que les informations et les services fournis soient compl\u00e8tement adapt\u00e9s \u00e0 vos besoins. <\/p>\n\n\n\n<p>MESURES DE S\u00c9CURIT\u00c9 Que conform\u00e9ment aux dispositions de la r\u00e9glementation en vigueur en mati\u00e8re de protection des donn\u00e9es personnelles, le RESPONSABLE respecte toutes les dispositions de la r\u00e9glementation GDPR pour le traitement des donn\u00e9es personnelles sous sa responsabilit\u00e9, et manifestement les principes d\u00e9crits \u00e0 l'article 5 du GDPR, en vertu desquels elles sont trait\u00e9es de mani\u00e8re licite, loyale et transparente par rapport \u00e0 la personne concern\u00e9e et de mani\u00e8re ad\u00e9quate, pertinente et limit\u00e9e \u00e0 ce qui est n\u00e9cessaire au regard des finalit\u00e9s pour lesquelles elles sont trait\u00e9es. Le DONNEUR D'ORDRE garantit qu'il a mis en \u0153uvre des politiques techniques et organisationnelles appropri\u00e9es pour appliquer les mesures de s\u00e9curit\u00e9 pr\u00e9vues par le GDPR afin de prot\u00e9ger les droits et libert\u00e9s des Utilisateurs et qu'il leur a communiqu\u00e9 les informations appropri\u00e9es pour qu'ils puissent les exercer.<\/p>","protected":false},"excerpt":{"rendered":"<p>Qui\u00e9nes somos La direcci\u00f3n de nuestra web es: https:\/\/pactodeconvivencia.org. POL\u00cdTICA DE PRIVACIDAD 1. INFORMACI\u00d3N AL USUARIOEFECTO LAZARO en adelante RESPONSABLE, es el Responsable del tratamiento de los datos personales del Usuario y le informa que estos datos ser\u00e1n tratados de conformidad con lo dispuesto en el Reglamento (UE) 2016\/679 de 27 de abril (GDPR) y [&hellip;]<\/p>\n","protected":false},"author":1,"featured_media":0,"parent":0,"menu_order":0,"comment_status":"closed","ping_status":"closed","template":"","meta":{"_acf_changed":false,"footnotes":""},"class_list":["post-761","page","type-page","status-publish","hentry"],"acf":[],"yoast_head":"<!-- This site is optimized with the Yoast SEO plugin v27.3 - https:\/\/yoast.com\/product\/yoast-seo-wordpress\/ -->\n<title>Pol\u00edtica de privacidad - PACTO DE CONVIVENCIA<\/title>\n<meta name=\"robots\" content=\"index, follow, max-snippet:-1, max-image-preview:large, max-video-preview:-1\" \/>\n<link rel=\"canonical\" href=\"https:\/\/pactodeconvivencia.org\/fr\/politica-de-privacidad\/\" \/>\n<meta property=\"og:locale\" content=\"fr_FR\" \/>\n<meta property=\"og:type\" content=\"article\" \/>\n<meta property=\"og:title\" content=\"Pol\u00edtica de privacidad - PACTO DE CONVIVENCIA\" \/>\n<meta property=\"og:description\" content=\"Qui\u00e9nes somos La direcci\u00f3n de nuestra web es: https:\/\/pactodeconvivencia.org. POL\u00cdTICA DE PRIVACIDAD 1. INFORMACI\u00d3N AL USUARIOEFECTO LAZARO en adelante RESPONSABLE, es el Responsable del tratamiento de los datos personales del Usuario y le informa que estos datos ser\u00e1n tratados de conformidad con lo dispuesto en el Reglamento (UE) 2016\/679 de 27 de abril (GDPR) y [&hellip;]\" \/>\n<meta property=\"og:url\" content=\"https:\/\/pactodeconvivencia.org\/fr\/politica-de-privacidad\/\" \/>\n<meta property=\"og:site_name\" content=\"PACTO DE CONVIVENCIA\" \/>\n<meta property=\"article:modified_time\" content=\"2021-10-18T08:32:55+00:00\" \/>\n<meta name=\"twitter:card\" content=\"summary_large_image\" \/>\n<meta name=\"twitter:label1\" content=\"Dur\u00e9e de lecture estim\u00e9e\" \/>\n\t<meta name=\"twitter:data1\" content=\"4 minutes\" \/>\n<script type=\"application\/ld+json\" class=\"yoast-schema-graph\">{\"@context\":\"https:\\\/\\\/schema.org\",\"@graph\":[{\"@type\":\"WebPage\",\"@id\":\"https:\\\/\\\/pactodeconvivencia.org\\\/politica-de-privacidad\\\/\",\"url\":\"https:\\\/\\\/pactodeconvivencia.org\\\/politica-de-privacidad\\\/\",\"name\":\"Pol\u00edtica de privacidad - PACTO DE CONVIVENCIA\",\"isPartOf\":{\"@id\":\"https:\\\/\\\/pactodeconvivencia.org\\\/#website\"},\"datePublished\":\"2020-12-22T15:01:39+00:00\",\"dateModified\":\"2021-10-18T08:32:55+00:00\",\"breadcrumb\":{\"@id\":\"https:\\\/\\\/pactodeconvivencia.org\\\/politica-de-privacidad\\\/#breadcrumb\"},\"inLanguage\":\"fr-FR\",\"potentialAction\":[{\"@type\":\"ReadAction\",\"target\":[\"https:\\\/\\\/pactodeconvivencia.org\\\/politica-de-privacidad\\\/\"]}]},{\"@type\":\"BreadcrumbList\",\"@id\":\"https:\\\/\\\/pactodeconvivencia.org\\\/politica-de-privacidad\\\/#breadcrumb\",\"itemListElement\":[{\"@type\":\"ListItem\",\"position\":1,\"name\":\"Portada\",\"item\":\"https:\\\/\\\/pactodeconvivencia.org\\\/\"},{\"@type\":\"ListItem\",\"position\":2,\"name\":\"Pol\u00edtica de privacidad\"}]},{\"@type\":\"WebSite\",\"@id\":\"https:\\\/\\\/pactodeconvivencia.org\\\/#website\",\"url\":\"https:\\\/\\\/pactodeconvivencia.org\\\/\",\"name\":\"PACTO DE CONVIVENCIA\",\"description\":\"Buscamos fortalecernos como sociedad civil en t\u00e9rminos de convivencia y cohesi\u00f3n social.\",\"potentialAction\":[{\"@type\":\"SearchAction\",\"target\":{\"@type\":\"EntryPoint\",\"urlTemplate\":\"https:\\\/\\\/pactodeconvivencia.org\\\/?s={search_term_string}\"},\"query-input\":{\"@type\":\"PropertyValueSpecification\",\"valueRequired\":true,\"valueName\":\"search_term_string\"}}],\"inLanguage\":\"fr-FR\"}]}<\/script>\n<!-- \/ Yoast SEO plugin. -->","yoast_head_json":{"title":"Pol\u00edtica de privacidad - PACTO DE CONVIVENCIA","robots":{"index":"index","follow":"follow","max-snippet":"max-snippet:-1","max-image-preview":"max-image-preview:large","max-video-preview":"max-video-preview:-1"},"canonical":"https:\/\/pactodeconvivencia.org\/fr\/politica-de-privacidad\/","og_locale":"fr_FR","og_type":"article","og_title":"Pol\u00edtica de privacidad - PACTO DE CONVIVENCIA","og_description":"Qui\u00e9nes somos La direcci\u00f3n de nuestra web es: https:\/\/pactodeconvivencia.org. POL\u00cdTICA DE PRIVACIDAD 1. INFORMACI\u00d3N AL USUARIOEFECTO LAZARO en adelante RESPONSABLE, es el Responsable del tratamiento de los datos personales del Usuario y le informa que estos datos ser\u00e1n tratados de conformidad con lo dispuesto en el Reglamento (UE) 2016\/679 de 27 de abril (GDPR) y [&hellip;]","og_url":"https:\/\/pactodeconvivencia.org\/fr\/politica-de-privacidad\/","og_site_name":"PACTO DE CONVIVENCIA","article_modified_time":"2021-10-18T08:32:55+00:00","twitter_card":"summary_large_image","twitter_misc":{"Dur\u00e9e de lecture estim\u00e9e":"4 minutes"},"schema":{"@context":"https:\/\/schema.org","@graph":[{"@type":"WebPage","@id":"https:\/\/pactodeconvivencia.org\/politica-de-privacidad\/","url":"https:\/\/pactodeconvivencia.org\/politica-de-privacidad\/","name":"Pol\u00edtica de privacidad - PACTO DE CONVIVENCIA","isPartOf":{"@id":"https:\/\/pactodeconvivencia.org\/#website"},"datePublished":"2020-12-22T15:01:39+00:00","dateModified":"2021-10-18T08:32:55+00:00","breadcrumb":{"@id":"https:\/\/pactodeconvivencia.org\/politica-de-privacidad\/#breadcrumb"},"inLanguage":"fr-FR","potentialAction":[{"@type":"ReadAction","target":["https:\/\/pactodeconvivencia.org\/politica-de-privacidad\/"]}]},{"@type":"BreadcrumbList","@id":"https:\/\/pactodeconvivencia.org\/politica-de-privacidad\/#breadcrumb","itemListElement":[{"@type":"ListItem","position":1,"name":"Portada","item":"https:\/\/pactodeconvivencia.org\/"},{"@type":"ListItem","position":2,"name":"Pol\u00edtica de privacidad"}]},{"@type":"WebSite","@id":"https:\/\/pactodeconvivencia.org\/#website","url":"https:\/\/pactodeconvivencia.org\/","name":"PACTE DE COEXISTENCE","description":"Nous cherchons \u00e0 nous renforcer en tant que soci\u00e9t\u00e9 civile en termes de coexistence et de coh\u00e9sion sociale.","potentialAction":[{"@type":"SearchAction","target":{"@type":"EntryPoint","urlTemplate":"https:\/\/pactodeconvivencia.org\/?s={search_term_string}"},"query-input":{"@type":"PropertyValueSpecification","valueRequired":true,"valueName":"search_term_string"}}],"inLanguage":"fr-FR"}]}},"_links":{"self":[{"href":"https:\/\/pactodeconvivencia.org\/fr\/wp-json\/wp\/v2\/pages\/761","targetHints":{"allow":["GET"]}}],"collection":[{"href":"https:\/\/pactodeconvivencia.org\/fr\/wp-json\/wp\/v2\/pages"}],"about":[{"href":"https:\/\/pactodeconvivencia.org\/fr\/wp-json\/wp\/v2\/types\/page"}],"author":[{"embeddable":true,"href":"https:\/\/pactodeconvivencia.org\/fr\/wp-json\/wp\/v2\/users\/1"}],"replies":[{"embeddable":true,"href":"https:\/\/pactodeconvivencia.org\/fr\/wp-json\/wp\/v2\/comments?post=761"}],"version-history":[{"count":6,"href":"https:\/\/pactodeconvivencia.org\/fr\/wp-json\/wp\/v2\/pages\/761\/revisions"}],"predecessor-version":[{"id":845,"href":"https:\/\/pactodeconvivencia.org\/fr\/wp-json\/wp\/v2\/pages\/761\/revisions\/845"}],"wp:attachment":[{"href":"https:\/\/pactodeconvivencia.org\/fr\/wp-json\/wp\/v2\/media?parent=761"}],"curies":[{"name":"wp","href":"https:\/\/api.w.org\/{rel}","templated":true}]}}